{"id":10300,"date":"2024-04-24T14:26:28","date_gmt":"2024-04-24T12:26:28","guid":{"rendered":"https:\/\/www.festivalethnos.it\/?page_id=10300"},"modified":"2024-04-24T14:51:27","modified_gmt":"2024-04-24T12:51:27","slug":"vincitori-ethnos-generazioni-2023","status":"publish","type":"page","link":"https:\/\/www.festivalethnos.it\/?page_id=10300","title":{"rendered":"Vincitori Ethnos Generazioni 2023"},"content":{"rendered":"<h2><span style=\"color: #d03742;\">Vincitori Ethnos Generazioni 2023<\/span><\/h2>\n<h4><strong>Teatro: Veronica Mele<\/strong><br \/>\n<strong>Danza: Semivolanti (Riccardo Cananiello, Mattia Carlucci)<\/strong><br \/>\n<strong>Musica: Gaudio Pace Duo (Alessandro Gaudio, Salvatore Pace)<\/strong><\/h4>\n<p><img fetchpriority=\"high\" decoding=\"async\" class=\"alignnone size-full wp-image-10312\" src=\"https:\/\/www.festivalethnos.it\/wp-content\/uploads\/2024\/04\/Teatro-e-Danza-e-giurati.jpg\" alt=\"\" width=\"1080\" height=\"591\" srcset=\"https:\/\/www.festivalethnos.it\/wp-content\/uploads\/2024\/04\/Teatro-e-Danza-e-giurati.jpg 1080w, https:\/\/www.festivalethnos.it\/wp-content\/uploads\/2024\/04\/Teatro-e-Danza-e-giurati-300x164.jpg 300w, https:\/\/www.festivalethnos.it\/wp-content\/uploads\/2024\/04\/Teatro-e-Danza-e-giurati-1024x560.jpg 1024w, https:\/\/www.festivalethnos.it\/wp-content\/uploads\/2024\/04\/Teatro-e-Danza-e-giurati-768x420.jpg 768w, https:\/\/www.festivalethnos.it\/wp-content\/uploads\/2024\/04\/Teatro-e-Danza-e-giurati-370x202.jpg 370w\" sizes=\"(max-width: 1080px) 100vw, 1080px\" \/><br \/>\nfinalisti Concorsi Danza e Teatro<\/p>\n<p><img decoding=\"async\" class=\"alignnone wp-image-10313 size-full\" src=\"https:\/\/www.festivalethnos.it\/wp-content\/uploads\/2024\/04\/Tutti-i-finalisti-Musica.jpg\" alt=\"\" width=\"1080\" height=\"707\" srcset=\"https:\/\/www.festivalethnos.it\/wp-content\/uploads\/2024\/04\/Tutti-i-finalisti-Musica.jpg 1080w, https:\/\/www.festivalethnos.it\/wp-content\/uploads\/2024\/04\/Tutti-i-finalisti-Musica-300x196.jpg 300w, https:\/\/www.festivalethnos.it\/wp-content\/uploads\/2024\/04\/Tutti-i-finalisti-Musica-1024x670.jpg 1024w, https:\/\/www.festivalethnos.it\/wp-content\/uploads\/2024\/04\/Tutti-i-finalisti-Musica-768x503.jpg 768w, https:\/\/www.festivalethnos.it\/wp-content\/uploads\/2024\/04\/Tutti-i-finalisti-Musica-370x242.jpg 370w\" sizes=\"(max-width: 1080px) 100vw, 1080px\" \/><br \/>\nfinalisti Concorso Musica<\/p>\n<p>&nbsp;<\/p>\n<p>&nbsp;<\/p>\n<h3><strong><span style=\"color: #ff6600;\">Veronica Mele<\/span><\/strong><\/h3>\n<p><strong>con <em>Ballando con Cecilia<\/em>, adattamento dall&#8217;omonimo romanzo di Pino Roveredo<\/strong><\/p>\n<p>Un\u2019operatrice sociale ottiene un lavoro nell\u2019ex manicomio di Trieste. Qui tutti hanno una storia in frantumi. Sono i dimenticati dalla societ\u00e0; come Cecilia, una donna anziana e solitaria che come gli altri, non sa pi\u00f9 cosa accade nel mondo. E non si pu\u00f2 pi\u00f9 recuperare il tempo trascorso, si pu\u00f2 solo ballare come in un sogno gli anni non vissuti. Queste storie sono il simbolo di come tante persone siano state consegnate ad una degenza che ammetteva solo la pazzia e non il recupero.<\/p>\n<p>Attrice e performer di musica e teatro-danza. Veronica Mele nasce a Firenze nel 1990. Dal 2003, inizia un percorso multidisciplinare a tutto tondo in danza(classica, contemporanea e hip hop), teatro (prosa, musical e figura) e canto (musical e moderno).<br \/>\nDal 2015 approfondisce gli studi teatrali in creazione del personaggio, regia e messa in scena, presso la casa di produzione Tedav\u00ec98 di Alessandro Riccio.<br \/>\nNel 2018 \u00e8 allieva del regista Luciano Melchionna, per il quale lavora nello spettacolo Dignit\u00e0 Autonome di Prostituzione al Teatro Bellini di Napoli e al Teatro Paisiello di Lecce.<br \/>\nSegue studi etnomusicali sulle danze e musiche popolari, prendendo parte alle performance della Compagnia di danza TarantArte.<br \/>\nDal 2019 frequenta laboratori teatrali intensivi di Roberto Latini, Roberto Castello, Chiara Guidi e Marco Manchisi. Nel 2020 si diploma in discipline teatrali all&#8217;Accademia Mediterranea dell&#8217;Attore diretta da Franco Ungaro.<br \/>\nPrende parte della Docufiction Sky Arte \u201cL&#8217;ultima de\u2019 Medici\u201d al fianco di Piera Degli Esposti, per la regia di Tobia Pescia.<br \/>\nViene diretta da Tonio De Nitto (Factory Compagnia Transadriatica) in \u201cPupe di pane\u201d, e da Marcello Sambati nella performance poetico teatrale \u201cLa vita \u00e8 forse cos\u00ec\u201d.<br \/>\nSi interessa di spettacoli volti a temi sociali e alla riscoperta delle tradizioni dei luoghi.<br \/>\nDal 2020 studia teatro di figura e costruzione di marionette ibride a grandezza umana nei laboratori di Natacha Belova.<br \/>\nDal 2019 affianca l\u2019attivit\u00e0 di attrice a quella di operatrice teatrale in ambito sociale, con laboratori di recitazione, movimento, canto e scrittura creatpresso la Casa Circondariale di Lecce nel progetto \u201cJumperiferie\u201d e nel progetto \u201cAsteroide B167\u201d presso il Liceo Scientifico Banzi di Lecce.<\/p>\n<h1><span style=\"color: #516fb4;\"><img decoding=\"async\" class=\"alignnone wp-image-10305\" src=\"https:\/\/www.festivalethnos.it\/wp-content\/uploads\/2024\/04\/Veronica-Mele.jpg\" alt=\"\" width=\"803\" height=\"535\" srcset=\"https:\/\/www.festivalethnos.it\/wp-content\/uploads\/2024\/04\/Veronica-Mele.jpg 1080w, https:\/\/www.festivalethnos.it\/wp-content\/uploads\/2024\/04\/Veronica-Mele-300x200.jpg 300w, https:\/\/www.festivalethnos.it\/wp-content\/uploads\/2024\/04\/Veronica-Mele-1024x683.jpg 1024w, https:\/\/www.festivalethnos.it\/wp-content\/uploads\/2024\/04\/Veronica-Mele-768x512.jpg 768w, https:\/\/www.festivalethnos.it\/wp-content\/uploads\/2024\/04\/Veronica-Mele-370x247.jpg 370w\" sizes=\"(max-width: 803px) 100vw, 803px\" \/><\/span><\/h1>\n<p>&nbsp;<\/p>\n<p>Finalista Concorso Teatro: <strong>Mattia Parrella<\/strong><\/p>\n<p><img loading=\"lazy\" decoding=\"async\" class=\"alignnone wp-image-9663\" src=\"https:\/\/www.festivalethnos.it\/wp-content\/uploads\/2023\/09\/Porta-americana-pic.jpg\" alt=\"\" width=\"461\" height=\"319\" \/><\/p>\n<hr \/>\n<h3><strong><span style=\"color: #ff6600;\">Semivolanti<\/span><\/strong><\/h3>\n<p><strong>(Riccardo Cananiello, Mattia Carlucci)<\/strong><\/p>\n<p><strong>VI.PA.RO<\/strong><br \/>\n<strong>Storie di santi e di veleni<\/strong><\/p>\n<p>VI.PA.RO \u2013 storie di santi e di veleni \u2013 \u00e8 un progetto coreografico che vede la collaborazione di Riccardo Cananiello e Mattia Carlucci in una creazione che parte dallo studio sulle danze rituali legate a San Vito, San Paolo e San Rocco. Intrecciando le danze popolari alla danza contemporanea e al teatro si cerca di<br \/>\ndar vita ad un presente che si intreccia a un passato mitico, rituale e ancestrale. Un viaggio al Sud tra lavoro, fatica e sfruttamento, dolore e malattia, amore, devozione e religiosit\u00e0 attraverso danze simboliche, stilizzate e intense che ci riportano a rituali antichi \u2026sotto gli occhi di tre Santi: San Vito dove si danza nell\u2019acqua, San Paolo che per primo scacci\u00f2 la serpe, dove i piedi battono un tempo sempre uguale, San Rocco e la sua danza dei coltelli per scacciare i malanni. Dal passato al presente. Questa l\u2019anima dello spettacolo \u2013 intenso e vero \u2013 suggestivo e potente, senza spettacolarizzazioni superflue. [\u2026]<\/p>\n<p><em>[di Ester Ippolito per Ballare Viaggiando]<\/em><br \/>\nCon un mix di tradizione, danza contemporanea e teatro sono riusciti ad integrare il presente ad un passato mitico, rituale e ancestrale che ha coinvolto ed emozionato il pubblico. \u201cI ricordi sono pieni di canti, balli e follie\u2026\u201d e partendo da questi ricordi i due artisti ci hanno accompagnato in un viaggio tra credenze e suggestioni legate al fenomeno del tarantismo.<\/p>\n<p><em>[di Sergio Ferroni per LN international]<\/em><br \/>\nVI.PA.RO Storie di Santi e di Veleni, \u00e8 uno spettacolo di Teatro\/Danza, un percorso nella memoria individuale di un bambino, poi ragazzo, poi adulto che diviene memoria collettiva di un popolo e di una terra (il Salento). Uno spettacolo di danza dove la parola usata \u00e8 spesso solo quella necessaria, come nei lunghi silenzi dei vecchi di paese in un tempo lontano. VI.PA.RO come serpe velenosa che striscia silenziosa e lascia che il suo veleno obblighi chiunque a danzare.<br \/>\nVI.PA.RO \u00e8 una preghiera che pu\u00f2 diventare una bestemmia, la speranza che si fonde alla rassegnazione. VI.PA.RO \u00e8 uno spettacolo con due danzatori, un racconto di un\u2019intera comunit\u00e0. Uno studio che parte dalla coreutica tradizionale delle danze popolari per arrivare all\u2019incontro con la sperimentazione contemporanea del teatro e della danza. Un movimento unico e continuo, dalle registrazioni originali prese sul campo alle nuove creazioni di vari musicisti del World Music. Un racconto contemporaneo<br \/>\nche ritrova antiche radici per rendere grazie e per invocare con e contro la terra che ci ha partorito. Un viaggio che parte dalla Puglia e guarda a tutto il Mediterraneo: nel paese devoto a San Vito dove si danza nell\u2019acqua, davanti il quadro di San Paolo che per primo scacci\u00f2 la serpe, su una piazza di un piccolo paese e sulle pietre dell\u2019Aspromonte, dove San Rocco pellegrino e guaritore dei malati insegn\u00f2 a danzare con i coltelli e fece della danza una forma di rivolta contro le ingiustizie e i malanni. L\u2019intento \u00e8 quello di sperimentare nuovi linguaggi del teatro-danza che guardano al passato mitico e ancestrale e vivono ancora oggi nel presente. Un movimento continuo e crescente che attraversa i suoni e i canti antichi incontra le nuove creazioni di vari artisti della world-music. Lo studio parte dalla gestualit\u00e0 originale documentata del lavoro contadino, delle danze rituali connesse al tarantismo fino alla creazione di coreografie originali in cui la autenticit\u00e0 delle danze tradizionali \u2013 cos\u00ec come ci sono state<br \/>\ntramandante \u2013 si lega in maniera salda con la sperimentazione e l\u2019innovazione della danza<\/p>\n<h1><span style=\"color: #516fb4;\"><img loading=\"lazy\" decoding=\"async\" class=\"alignnone wp-image-10307 \" src=\"https:\/\/www.festivalethnos.it\/wp-content\/uploads\/2024\/04\/Semivolanti-2.jpg\" alt=\"\" width=\"786\" height=\"524\" srcset=\"https:\/\/www.festivalethnos.it\/wp-content\/uploads\/2024\/04\/Semivolanti-2.jpg 1080w, https:\/\/www.festivalethnos.it\/wp-content\/uploads\/2024\/04\/Semivolanti-2-300x200.jpg 300w, https:\/\/www.festivalethnos.it\/wp-content\/uploads\/2024\/04\/Semivolanti-2-1024x683.jpg 1024w, https:\/\/www.festivalethnos.it\/wp-content\/uploads\/2024\/04\/Semivolanti-2-768x512.jpg 768w, https:\/\/www.festivalethnos.it\/wp-content\/uploads\/2024\/04\/Semivolanti-2-370x247.jpg 370w\" sizes=\"(max-width: 786px) 100vw, 786px\" \/><\/span><\/h1>\n<p>&nbsp;<\/p>\n<p>Finalista Concorso Danza: Francesco Bax<\/p>\n<p><img loading=\"lazy\" decoding=\"async\" class=\"alignnone wp-image-10309 \" src=\"https:\/\/www.festivalethnos.it\/wp-content\/uploads\/2024\/04\/Mattia-Parrella-finalista-Teatro.jpg\" alt=\"\" width=\"597\" height=\"398\" srcset=\"https:\/\/www.festivalethnos.it\/wp-content\/uploads\/2024\/04\/Mattia-Parrella-finalista-Teatro.jpg 1080w, https:\/\/www.festivalethnos.it\/wp-content\/uploads\/2024\/04\/Mattia-Parrella-finalista-Teatro-300x200.jpg 300w, https:\/\/www.festivalethnos.it\/wp-content\/uploads\/2024\/04\/Mattia-Parrella-finalista-Teatro-1024x683.jpg 1024w, https:\/\/www.festivalethnos.it\/wp-content\/uploads\/2024\/04\/Mattia-Parrella-finalista-Teatro-768x512.jpg 768w, https:\/\/www.festivalethnos.it\/wp-content\/uploads\/2024\/04\/Mattia-Parrella-finalista-Teatro-370x247.jpg 370w\" sizes=\"(max-width: 597px) 100vw, 597px\" \/><\/p>\n<p>Finalista Concorso Danza: Laura Esposito<br \/>\n<img loading=\"lazy\" decoding=\"async\" class=\"alignnone wp-image-10310 \" style=\"font-size: 1.28571rem;\" src=\"https:\/\/www.festivalethnos.it\/wp-content\/uploads\/2024\/04\/Laura-Esposito-finalista-Danza.jpg\" alt=\"\" width=\"595\" height=\"396\" srcset=\"https:\/\/www.festivalethnos.it\/wp-content\/uploads\/2024\/04\/Laura-Esposito-finalista-Danza.jpg 1080w, https:\/\/www.festivalethnos.it\/wp-content\/uploads\/2024\/04\/Laura-Esposito-finalista-Danza-300x200.jpg 300w, https:\/\/www.festivalethnos.it\/wp-content\/uploads\/2024\/04\/Laura-Esposito-finalista-Danza-1024x683.jpg 1024w, https:\/\/www.festivalethnos.it\/wp-content\/uploads\/2024\/04\/Laura-Esposito-finalista-Danza-768x512.jpg 768w, https:\/\/www.festivalethnos.it\/wp-content\/uploads\/2024\/04\/Laura-Esposito-finalista-Danza-370x247.jpg 370w\" sizes=\"(max-width: 595px) 100vw, 595px\" \/><\/p>\n<hr \/>\n<h3><span style=\"color: #ff6600;\">Gaudio Pace Duo<\/span><\/h3>\n<p><strong>(Alessandro Gaudio, Salvatore Pace)<\/strong><\/p>\n<p>Alessandro Gaudio e Salvatore Pace sono due giovani musicisti della fisarmonica diatonica (comunemente conosciuta come organetto) provenienti dal meridione d\u2019Italia.<br \/>\nIn questo progetto in duo propongono musiche originali di loro creazione, ispirate alle tradizioni popolari di Basilicata, Campania e Calabria, ma anche Tango Argentino e ritmi dispari articolati.<br \/>\nIl giovane progetto ha appena prodotto un album dal titolo \u201cPassione Meridionale\u201d, con la direzione artistica del maestro Riccardo Tesi (figura di spicco nel contesto internazionale della fisarmonica diatonica).<br \/>\nI giovani musicisti hanno condiviso il palco con Riccardo Tesi, Vinicio Capossela, Francesco Loccisano, Andrea Piccioni, Didier Laloy, Orchestra filarmonica della Calabria, ed altri.<\/p>\n<p>Alessandro Gaudio:\u00a0<em>fisarmonica diatonica<\/em><br \/>\nSalvatore Pace:\u00a0<em>fisarmonica diatonica<\/em><\/p>\n<h1><span style=\"color: #516fb4;\"><img loading=\"lazy\" decoding=\"async\" class=\"alignnone wp-image-10314 size-full\" src=\"https:\/\/www.festivalethnos.it\/wp-content\/uploads\/2024\/04\/Gaudio-Pace-duo.jpg\" alt=\"\" width=\"1080\" height=\"717\" srcset=\"https:\/\/www.festivalethnos.it\/wp-content\/uploads\/2024\/04\/Gaudio-Pace-duo.jpg 1080w, https:\/\/www.festivalethnos.it\/wp-content\/uploads\/2024\/04\/Gaudio-Pace-duo-300x199.jpg 300w, https:\/\/www.festivalethnos.it\/wp-content\/uploads\/2024\/04\/Gaudio-Pace-duo-1024x680.jpg 1024w, https:\/\/www.festivalethnos.it\/wp-content\/uploads\/2024\/04\/Gaudio-Pace-duo-768x510.jpg 768w, https:\/\/www.festivalethnos.it\/wp-content\/uploads\/2024\/04\/Gaudio-Pace-duo-370x246.jpg 370w\" sizes=\"(max-width: 1080px) 100vw, 1080px\" \/><\/span><\/h1>\n<p>&nbsp;<\/p>\n<p>Finalista Concorso Musica: Kalik\u00e0<\/p>\n<p><img loading=\"lazy\" decoding=\"async\" class=\"alignnone wp-image-10315 \" src=\"https:\/\/www.festivalethnos.it\/wp-content\/uploads\/2024\/04\/Kalika.jpg\" alt=\"\" width=\"538\" height=\"349\" srcset=\"https:\/\/www.festivalethnos.it\/wp-content\/uploads\/2024\/04\/Kalika.jpg 1080w, https:\/\/www.festivalethnos.it\/wp-content\/uploads\/2024\/04\/Kalika-300x195.jpg 300w, https:\/\/www.festivalethnos.it\/wp-content\/uploads\/2024\/04\/Kalika-1024x665.jpg 1024w, https:\/\/www.festivalethnos.it\/wp-content\/uploads\/2024\/04\/Kalika-768x498.jpg 768w, https:\/\/www.festivalethnos.it\/wp-content\/uploads\/2024\/04\/Kalika-370x240.jpg 370w\" sizes=\"(max-width: 538px) 100vw, 538px\" \/><\/p>\n<p>Finalista Concorso Musica: Stereoteismo<br \/>\n<img loading=\"lazy\" decoding=\"async\" class=\"alignnone wp-image-10316 \" style=\"font-size: 1.28571rem;\" src=\"https:\/\/www.festivalethnos.it\/wp-content\/uploads\/2024\/04\/Stereoteismo.jpg\" alt=\"\" width=\"535\" height=\"356\" srcset=\"https:\/\/www.festivalethnos.it\/wp-content\/uploads\/2024\/04\/Stereoteismo.jpg 1080w, https:\/\/www.festivalethnos.it\/wp-content\/uploads\/2024\/04\/Stereoteismo-300x200.jpg 300w, https:\/\/www.festivalethnos.it\/wp-content\/uploads\/2024\/04\/Stereoteismo-1024x682.jpg 1024w, https:\/\/www.festivalethnos.it\/wp-content\/uploads\/2024\/04\/Stereoteismo-768x511.jpg 768w, https:\/\/www.festivalethnos.it\/wp-content\/uploads\/2024\/04\/Stereoteismo-370x246.jpg 370w\" sizes=\"(max-width: 535px) 100vw, 535px\" \/><\/p>\n<p>Finalista Concorso Musica: Vincenzo Romano<br \/>\n<img loading=\"lazy\" decoding=\"async\" class=\"alignnone wp-image-10317 \" style=\"font-size: 1.28571rem;\" src=\"https:\/\/www.festivalethnos.it\/wp-content\/uploads\/2024\/04\/Vincenzo-Romano.jpg\" alt=\"\" width=\"531\" height=\"354\" srcset=\"https:\/\/www.festivalethnos.it\/wp-content\/uploads\/2024\/04\/Vincenzo-Romano.jpg 1080w, https:\/\/www.festivalethnos.it\/wp-content\/uploads\/2024\/04\/Vincenzo-Romano-300x200.jpg 300w, https:\/\/www.festivalethnos.it\/wp-content\/uploads\/2024\/04\/Vincenzo-Romano-1024x683.jpg 1024w, https:\/\/www.festivalethnos.it\/wp-content\/uploads\/2024\/04\/Vincenzo-Romano-768x512.jpg 768w, https:\/\/www.festivalethnos.it\/wp-content\/uploads\/2024\/04\/Vincenzo-Romano-370x247.jpg 370w\" sizes=\"(max-width: 531px) 100vw, 531px\" \/><\/p>\n<hr \/>\n<p><img loading=\"lazy\" decoding=\"async\" class=\"alignnone wp-image-7627 size-full\" src=\"https:\/\/www.festivalethnos.it\/wp-content\/uploads\/2021\/08\/footer-loghi.jpg\" alt=\"\" width=\"966\" height=\"130\" \/><\/p>\n<p>&nbsp;<\/p>\n","protected":false},"excerpt":{"rendered":"<p>Vincitori Ethnos Generazioni 2023 Teatro: Veronica Mele Danza: Semivolanti (Riccardo Cananiello, Mattia Carlucci) Musica: Gaudio Pace Duo (Alessandro Gaudio, Salvatore Pace) finalisti Concorsi Danza e Teatro finalisti Concorso Musica &nbsp; &nbsp; Veronica Mele con Ballando con Cecilia, adattamento dall&#8217;omonimo romanzo di Pino Roveredo Un\u2019operatrice sociale ottiene un lavoro nell\u2019ex manicomio di Trieste. Qui tutti hanno&hellip;<\/p>\n","protected":false},"author":1,"featured_media":0,"parent":0,"menu_order":0,"comment_status":"closed","ping_status":"closed","template":"","meta":{"footnotes":""},"class_list":["post-10300","page","type-page","status-publish","hentry"],"_links":{"self":[{"href":"https:\/\/www.festivalethnos.it\/index.php?rest_route=\/wp\/v2\/pages\/10300","targetHints":{"allow":["GET"]}}],"collection":[{"href":"https:\/\/www.festivalethnos.it\/index.php?rest_route=\/wp\/v2\/pages"}],"about":[{"href":"https:\/\/www.festivalethnos.it\/index.php?rest_route=\/wp\/v2\/types\/page"}],"author":[{"embeddable":true,"href":"https:\/\/www.festivalethnos.it\/index.php?rest_route=\/wp\/v2\/users\/1"}],"replies":[{"embeddable":true,"href":"https:\/\/www.festivalethnos.it\/index.php?rest_route=%2Fwp%2Fv2%2Fcomments&post=10300"}],"version-history":[{"count":7,"href":"https:\/\/www.festivalethnos.it\/index.php?rest_route=\/wp\/v2\/pages\/10300\/revisions"}],"predecessor-version":[{"id":10318,"href":"https:\/\/www.festivalethnos.it\/index.php?rest_route=\/wp\/v2\/pages\/10300\/revisions\/10318"}],"wp:attachment":[{"href":"https:\/\/www.festivalethnos.it\/index.php?rest_route=%2Fwp%2Fv2%2Fmedia&parent=10300"}],"curies":[{"name":"wp","href":"https:\/\/api.w.org\/{rel}","templated":true}]}}