{"id":3249,"date":"2015-09-05T18:43:14","date_gmt":"2015-09-05T16:43:14","guid":{"rendered":"http:\/\/www.festivalethnos.it\/?page_id=3249"},"modified":"2018-09-24T10:05:14","modified_gmt":"2018-09-24T08:05:14","slug":"a-sud-secondo-movimento","status":"publish","type":"page","link":"https:\/\/www.festivalethnos.it\/?page_id=3249","title":{"rendered":"A Sud secondo movimento"},"content":{"rendered":"<p><img fetchpriority=\"high\" decoding=\"async\" class=\"alignnone size-full wp-image-3250\" src=\"http:\/\/www.festivalethnos.it\/wp-content\/uploads\/2015\/09\/sud.jpg\" alt=\"sud\" width=\"764\" height=\"290\" \/><\/p>\n<p><strong>SABATO 26 SETEMBRE<\/strong><br \/>\n<span style=\"color: #ff252c;\">SAN GIORGIO A CREMANO<\/span><br \/>\nVilla Vannucchi, Via Cavalli di Bronzo<br \/>\nore 21:00<\/p>\n<p><strong>Compagnia L&#8217;invasione degli Angeli<\/strong><br \/>\nPartitura teatrale per cinque artisti immigrati e 9 attori campani<\/p>\n<p><strong> A seguire concerto-festa con le comunit\u00e0 immigrate campane.<\/strong><\/p>\n<p>A Sud secondo movimento \u00e8 il nuovo spettacolo teatrale per la regia di Gigi Di Luca che ha debuttato al Teatro Mediterraneo di Napoli nell&#8217;ambito del Forum universale delle culture, frutto di un laborioso lavoro che coinvolge 15 artisti, tra attori e musicisti che accompagnano la recitazione con strumenti e suoni della tradizione mediterranea. L\u2019incontro tra gli artisti immigrati che vivono a Napoli \u2013 provenienti da Tunisia, Sri Lanka, Romania, Costa d\u2019Avorio e Argentina \u2013 e i giovani attori campani selezionati per il progetto L\u2019Invasione degli Angeli \u00e8 stato il fondamentale spunto creativo: gran parte della drammaturgia \u00e8 stata scritta ascoltando i racconti di emigrazione e le storie di vita, fondendo il tutto in un unico linguaggio con pi\u00f9 piani narrativi tra musica, parola e gestualit\u00e0.<\/p>\n<p><em>Il secondo movimento come partenza, esplorazione\u2026 Quel levare che si contrappone e segue il battere dell\u2019inizio\u2026 della nascita. Una consapevolezza della vita, nel suo dolore e disagio, luogo della mente in cui ogni uomo \u00e8 straniero; chi giunge a Napoli, e chi, invece, da Napoli parte, verso storie di emarginazione dell\u2019anima. C\u2019\u00e8 un unico Sud in questo secondo movimento, un solo eguale livello di migrazione, tra chi straniero lo \u00e8 per davvero e chi invece \u00e8 stato esiliato nella sua stessa citt\u00e0, confinato senza pi\u00f9 casa, lavoro, famiglia, terra.<\/em><\/p>\n<p>Con:<strong>\u00a0Maria Adamo<\/strong>, <strong>Valeria Bassolino<\/strong>, <strong>Claudio Benegas<\/strong> (Argentina), <strong>Laura Chesi<\/strong>, <strong>Monica Cipriano<\/strong>, <strong>Laura Ferraro<\/strong>, <strong>Abraham Kouadio<\/strong> (Costa d\u2019Avorio), <strong>Carlo Liccardo<\/strong>, <strong>Prageeth Perera<\/strong> (Sri Lanka), <strong>Annalisa Renzulli<\/strong>, <strong>Ilaria Scarano<\/strong>, <strong>Cira Sorrentino<\/strong>.<br \/>\nMusicisti: <strong>Costel Lautaru<\/strong> (Romania), <strong>Francesco Manna<\/strong>, <strong>Marzouk Mejri<\/strong> (Tunisa), <strong>Aniello Palomba<\/strong>.<br \/>\nCon la partecipazione di <strong>Antonella Morea<\/strong>.<br \/>\nRegia: <strong>Gigi Di Luca<\/strong><\/p>\n<p><iframe hcb-fetch-image-from=\"https:\/\/www.youtube.com\/watch?v=W8bYMiyVsQs\" title=\"a sud -  secondo movimento di gigi di luca - geetv program\" width=\"1410\" height=\"793\" src=\"https:\/\/www.youtube.com\/embed\/W8bYMiyVsQs?feature=oembed\" frameborder=\"0\" allow=\"accelerometer; autoplay; clipboard-write; encrypted-media; gyroscope; picture-in-picture; web-share\" referrerpolicy=\"strict-origin-when-cross-origin\" allowfullscreen><\/iframe><\/p>\n<p>Ingresso gratuito fino ad esaurimento posti.<\/p>\n","protected":false},"excerpt":{"rendered":"<p>SABATO 26 SETEMBRE SAN GIORGIO A CREMANO Villa Vannucchi, Via Cavalli di Bronzo ore 21:00 Compagnia L&#8217;invasione degli Angeli Partitura teatrale per cinque artisti immigrati e 9 attori campani A seguire concerto-festa con le comunit\u00e0 immigrate campane. A Sud secondo movimento \u00e8 il nuovo spettacolo teatrale per la regia di Gigi Di Luca che ha&hellip;<\/p>\n","protected":false},"author":1,"featured_media":0,"parent":0,"menu_order":0,"comment_status":"closed","ping_status":"closed","template":"","meta":{"footnotes":""},"class_list":["post-3249","page","type-page","status-publish","hentry"],"_links":{"self":[{"href":"https:\/\/www.festivalethnos.it\/index.php?rest_route=\/wp\/v2\/pages\/3249","targetHints":{"allow":["GET"]}}],"collection":[{"href":"https:\/\/www.festivalethnos.it\/index.php?rest_route=\/wp\/v2\/pages"}],"about":[{"href":"https:\/\/www.festivalethnos.it\/index.php?rest_route=\/wp\/v2\/types\/page"}],"author":[{"embeddable":true,"href":"https:\/\/www.festivalethnos.it\/index.php?rest_route=\/wp\/v2\/users\/1"}],"replies":[{"embeddable":true,"href":"https:\/\/www.festivalethnos.it\/index.php?rest_route=%2Fwp%2Fv2%2Fcomments&post=3249"}],"version-history":[{"count":8,"href":"https:\/\/www.festivalethnos.it\/index.php?rest_route=\/wp\/v2\/pages\/3249\/revisions"}],"predecessor-version":[{"id":3745,"href":"https:\/\/www.festivalethnos.it\/index.php?rest_route=\/wp\/v2\/pages\/3249\/revisions\/3745"}],"wp:attachment":[{"href":"https:\/\/www.festivalethnos.it\/index.php?rest_route=%2Fwp%2Fv2%2Fmedia&parent=3249"}],"curies":[{"name":"wp","href":"https:\/\/api.w.org\/{rel}","templated":true}]}}