{"id":3553,"date":"2015-09-07T21:01:56","date_gmt":"2015-09-07T19:01:56","guid":{"rendered":"http:\/\/www.festivalethnos.it\/?page_id=3553"},"modified":"2018-08-30T12:15:29","modified_gmt":"2018-08-30T10:15:29","slug":"cookie-policy-di-festivalethnos-it","status":"publish","type":"page","link":"https:\/\/www.festivalethnos.it\/?page_id=3553","title":{"rendered":"Informativa Privacy e Policy di festivalethnos.it"},"content":{"rendered":"<p><b>Informativa al trattamento dei dati personali (Regolamento UE n. 679\/2016 &#8211; GDPR)<\/b><\/p>\n<p><span style=\"font-weight: 400;\">La presente per fornirLe, di seguito, le fondamentali informazioni ai sensi del Regolamento UE n. 679\/2016 (c.d. GDPR) riguardanti il trattamento dei Suoi dati personali da parte di <\/span><span style=\"font-weight: 400;\">La Bazzarra Soc. Coop. a r. l.. Secondo la normativa indicata, tale trattamento sar\u00e0 improntato secondo principi di correttezza, liceit\u00e0 e trasparenza e di tutela della Sua riservatezza e dei Suoi diritti, pertanto le forniamo le seguenti informazioni:<\/span><\/p>\n<ol>\n<li><b> Modalit\u00e0 e finalit\u00e0 del trattamento dei dati<\/b><\/li>\n<\/ol>\n<p><span style=\"font-weight: 400;\">I dati da Lei forniti verranno trattati per le seguenti finalit\u00e0: a) gestione delle iscrizioni al sito internet e attivit\u00e0 direttamente connesse alla iscrizione; b) invio di materiale informativo e pubblicitario, comunicazione di altre iniziative pubblicitarie e promozionali (sms, e-mail, altro) riservate in esclusiva agli iscritti al sito <\/span><a href=\"http:\/\/www.festivalethnos.it\"><span style=\"font-weight: 400;\">www.festivalethnos.it<\/span><\/a><span style=\"font-weight: 400;\">, provenienti dalla medesima, da partners e\/o associazioni collegate e correlate a La Bazzarra Soc. Coop. a r. l\u2026 I dati potrebbero essere utilizzati per l&#8217;accertamento di responsabilit\u00e0 in caso di\u00a0eventuali\u00a0reati informatici ai danni del sito: con esclusione di tale eventualit\u00e0, i dati saranno cancellati decorso il tempo utile per l&#8217;erogazione dei servizi illustrati nel sito. A titolo esemplificativo, potranno essere richiesti dati personali quali nome e cognome, numero di telefono, l&#8217;indirizzo di posta elettronica ed altre informazioni che l&#8217;utente accetta di fornire per utilizzare i servizi del sito attraverso la compilazione dello\u00a0specifico modulo di registrazione. La Bazzarra Soc. Coop. a r. l. utilizzer\u00e0 i dati personali raccolti on-line ai soli fini indicati in sede di registrazione, sinteticamente illustrati al presente punto. I dati personali che la riguardano saranno trattati da La Bazzarra Soc. Coop. a r. l. in relazione alla propria iscrizione alle attivit\u00e0 inerenti al sito. Il conferimento dei dati \u00e8 facoltativo e l&#8217;eventuale rifiuto a fornire tali dati non comporter\u00e0 alcuna conseguenza, ad eccezione della mancata o parziale esecuzione delle prestazioni richieste. Con l\u2019iscrizione al sito, verr\u00e0 rilasciato il Suo consenso, con autorizzazione al trattamento dei dati gestiti da La Bazzarra Soc. Coop. a r. l..<\/span><\/p>\n<ol start=\"2\">\n<li><b> Base giuridica<\/b><\/li>\n<\/ol>\n<p><span style=\"font-weight: 400;\">Il conferimento dei dati personali ha in linea generale natura facoltativa. Il mancato conferimento dei dati pu\u00f2 comportare l&#8217;impossibilit\u00e0 di accedere a servizi specifici ed ottenere quanto eventualmente richiesto (ad es. la registrazione \u00e8 necessaria per accedere alle pre-selezioni del concorso Ethnos Gener\/Azioni \u2013 1\u00b0 edizione 2018).\u00a0<\/span><\/p>\n<ol start=\"3\">\n<li><b> Trasferimento dei dati<\/b><\/li>\n<\/ol>\n<p><span style=\"font-weight: 400;\">La gestione e la conservazione dei dati personali avverranno in Europa, su server ubicati in Italia, dal titolare del trattamento.<\/span><\/p>\n<ol start=\"4\">\n<li><b> Diritti dell\u2019interessato<\/b><\/li>\n<\/ol>\n<p><span style=\"font-weight: 400;\">Il General Data Protection Regulation riconosce il diritto di accedere ai propri dati, rettificarli, trasferirli ed eliminarli. Viene riconosciuto anche il diritto di opporsi\u00a0e limitare determinati trattamenti dei propri dati. Pi\u00f9 precisamente\u00a0l\u2019interessato ha il diritto di:<\/span><\/p>\n<ul>\n<li><b><span style=\"font-weight: 400;\">ottenere la conferma dell&#8217;esistenza o meno di dati personali che lo riguardano, anche se non ancora registrati, e la loro comunicazione in forma intelligibile.<\/span><\/b><\/li>\n<\/ul>\n<ul>\n<li><span style=\"font-weight: 400;\">ottenere l&#8217;indicazione: a) dell&#8217;origine dei dati personali; b) delle finalit\u00e0 e modalit\u00e0 del trattamento; c) della logica applicata in caso di trattamento effettuato con l&#8217;ausilio di strumenti elettronici; d) degli estremi identificativi dei titolare, dei responsabili e del rappresentante designato ai sensi dell&#8217;articolo 5, comma 2; e) dei soggetti o delle categorie di soggetti ai quali i dati personali possono essere comunicati o che possono venirne a conoscenza in qualit\u00e0 di rappresentante designato nel territorio dello Stato, di responsabili o incaricati.<\/span><\/li>\n<\/ul>\n<ul>\n<li><span style=\"font-weight: 400;\">di ottenere: a) l&#8217;aggiornamento, la rettificazione ovvero, quando vi ha interesse, l&#8217;integrazione dei dati; b) la cancellazione, la trasformazione in forma anonima o il blocco dei dati trattati in violazione di legge, compresi quelli di cui non \u00e8 necessaria la conservazione in relazione agli scopi per i quali i dati sono stati raccolti o successivamente trattati; c) l&#8217;attestazione che le operazioni di cui alle lettere a) e b) sono state portate a conoscenza, anche per quanto riguarda il loro contenuto, di coloro ai quali i dati sono stati comunicati o diffusi, eccettuato il caso in cui tale adempimento si rivela impossibile o comporta un impiego di mezzi manifestamente sproporzionato rispetto al diritto tutelato.<\/span><\/li>\n<\/ul>\n<ul>\n<li><span style=\"font-weight: 400;\">di opporsi, in tutto o in parte: a) per motivi legittimi al trattamento dei dati personali che lo riguardano, ancorch\u00e9 pertinenti allo scopo della raccolta; b) al trattamento di dati personali che lo riguardano a fini di invio di materiale pubblicitario o di vendita diretta o per il compimento di ricerche di mercato o di comunicazione commerciale.<\/span><\/li>\n<\/ul>\n<p>&nbsp;<\/p>\n<ol start=\"5\">\n<li><b> Periodo di conservazione dei dati<\/b><\/li>\n<\/ol>\n<p><span style=\"font-weight: 400;\">Tutti i dati personali conferiti saranno trattati nel rispetto dei principi di liceit\u00e0, correttezza, pertinenza e proporzionalit\u00e0, solo con le modalit\u00e0 strettamente necessarie per perseguire le finalit\u00e0 sopra descritte. In ogni caso, i dati personali saranno conservati per un periodo di tempo non superiore a quello strettamente necessario allo svolgimento delle attivit\u00e0 inerenti ai rapporti intercorsi.<\/span><\/p>\n<ol start=\"6\">\n<li><b> Titolare del trattamento<\/b><\/li>\n<\/ol>\n<p><span style=\"font-weight: 400;\">Il Titolare del trattamento \u00e8 La Bazzarra Soc. Coop. a r. l., con sede in Torre del Greco (NA) alla Via Cimaglia n.60. Potr\u00e0 essere richiesto l&#8217;elenco completo dei Responsabili del trattamento inviando una richiesta alla seguente mail: <\/span><a href=\"mailto:privacy@labazzarra.com\"><span style=\"font-weight: 400;\">privacy@labazzarra.com<\/span><\/a><\/p>\n<ol start=\"7\">\n<li><b> Modalit\u00e0 di trattamento dei dati ed ambito di comunicazione<\/b><\/li>\n<\/ol>\n<p><span style=\"font-weight: 400;\">I dati saranno trattati su supporto misto elettronico. La Bazzarra Soc. Coop. a r. l. garantisce il trattamento lecito e secondo correttezza dei dati personali forniti attraverso il sito, nel pieno rispetto della normativa vigente, nonch\u00e9 la massima riservatezza dei dati forniti in sede di registrazione. Tutte le informazioni raccolte sono trasmesse in connessione protetta in modo da impedirne l&#8217;intercettazione da parte di estranei. La sicurezza del sito \u00e8 garantita e certificata da una societ\u00e0 leader tra i provider di servizi per la sicurezza su internet.\u00a0I dati non saranno comunicati o diffusi a terzi se non nei limiti ed alle condizioni espressamente indicate nell&#8217;informativa di volta in volta fornita all&#8217;utente e previa autorizzazione da parte dello stesso.<\/span><\/p>\n<ol start=\"8\">\n<li><b> Collegamenti ad altri siti<\/b><\/li>\n<\/ol>\n<p><span style=\"font-weight: 400;\">La presente informativa \u00e8 fornita solo per il sito www.festivalethnos.it e non anche per altri siti web eventualmente consultati dall&#8217;utente tramite link di collegamento. La Bazzarra Soc. Coop. a r. l. non pu\u00f2 essere ritenuta responsabile dei dati personali forniti dagli utenti a soggetti esterni o a eventuali siti Web collegati al presente sito.<\/span><\/p>\n<ol start=\"9\">\n<li><b> Misure di sicurezza <\/b><\/li>\n<\/ol>\n<p><span style=\"font-weight: 400;\">Il titolare ha adottato una gran variet\u00e0 di misure di sicurezza per proteggere i Suoi dati contro il rischio di perdita, abuso o alterazione.<\/span><\/p>\n<ol start=\"10\">\n<li><b> Luogo di trattamento dei dati<\/b><\/li>\n<\/ol>\n<p><span style=\"font-weight: 400;\">I trattamenti connessi ai servizi forniti dal sito sono svolti presso la sede di Torre del Greco (NA) alla Via Cimaglia n.60 e sono svolti dai responsabili incaricati del trattamento e\/o incaricati per la gestione del sito.\u00a0\u00a0<\/span><\/p>\n<ol start=\"11\">\n<li><b> Clausola di revisione<\/b><\/li>\n<\/ol>\n<p><span style=\"font-weight: 400;\">La Bazzarra Soc. Coop. a r. l. si riserva di rivedere in qualsiasi momento la presente &#8220;Privacy Policy&#8221; a propria esclusiva discrezione, in qualsiasi modo e\/o in qualsiasi momento senza preavviso. Si consiglia, quindi, di controllare regolarmente questa informativa e di riferirsi alla versione pi\u00f9 aggiornata della policy privacy. <\/span><\/p>\n<p><span style=\"font-weight: 400;\">Potrete in qualsiasi momento esercitare i diritti di cui al Regolamento UE n.679\/2016 inviando una richiesta a <\/span><a href=\"mailto:privacy@labazzarra.com\"><span style=\"font-weight: 400;\">privacy@labazzarra.com<\/span><\/a><span style=\"font-weight: 400;\">.<\/span><\/p>\n<p>&nbsp;<\/p>\n<p>Aggiornata al 25 maggio 2018<\/p>\n","protected":false},"excerpt":{"rendered":"<p>Informativa al trattamento dei dati personali (Regolamento UE n. 679\/2016 &#8211; GDPR) La presente per fornirLe, di seguito, le fondamentali informazioni ai sensi del Regolamento UE n. 679\/2016 (c.d. GDPR) riguardanti il trattamento dei Suoi dati personali da parte di La Bazzarra Soc. Coop. a r. l.. Secondo la normativa indicata, tale trattamento sar\u00e0 improntato&hellip;<\/p>\n","protected":false},"author":1,"featured_media":0,"parent":0,"menu_order":0,"comment_status":"closed","ping_status":"closed","template":"","meta":{"footnotes":""},"class_list":["post-3553","page","type-page","status-publish","hentry"],"_links":{"self":[{"href":"https:\/\/www.festivalethnos.it\/index.php?rest_route=\/wp\/v2\/pages\/3553","targetHints":{"allow":["GET"]}}],"collection":[{"href":"https:\/\/www.festivalethnos.it\/index.php?rest_route=\/wp\/v2\/pages"}],"about":[{"href":"https:\/\/www.festivalethnos.it\/index.php?rest_route=\/wp\/v2\/types\/page"}],"author":[{"embeddable":true,"href":"https:\/\/www.festivalethnos.it\/index.php?rest_route=\/wp\/v2\/users\/1"}],"replies":[{"embeddable":true,"href":"https:\/\/www.festivalethnos.it\/index.php?rest_route=%2Fwp%2Fv2%2Fcomments&post=3553"}],"version-history":[{"count":20,"href":"https:\/\/www.festivalethnos.it\/index.php?rest_route=\/wp\/v2\/pages\/3553\/revisions"}],"predecessor-version":[{"id":5799,"href":"https:\/\/www.festivalethnos.it\/index.php?rest_route=\/wp\/v2\/pages\/3553\/revisions\/5799"}],"wp:attachment":[{"href":"https:\/\/www.festivalethnos.it\/index.php?rest_route=%2Fwp%2Fv2%2Fmedia&parent=3553"}],"curies":[{"name":"wp","href":"https:\/\/api.w.org\/{rel}","templated":true}]}}