{"id":3946,"date":"2018-09-24T09:50:55","date_gmt":"2018-09-24T07:50:55","guid":{"rendered":"http:\/\/www.festivalethnos.it\/?page_id=3946"},"modified":"2024-12-07T12:05:38","modified_gmt":"2024-12-07T11:05:38","slug":"programma-2015","status":"publish","type":"page","link":"https:\/\/www.festivalethnos.it\/?page_id=3946","title":{"rendered":"Ethnos 2015"},"content":{"rendered":"<p><img fetchpriority=\"high\" decoding=\"async\" class=\"alignnone wp-image-3145 size-full\" src=\"http:\/\/www.festivalethnos.it\/wp-content\/uploads\/2015\/09\/programma_retro21.jpg\" alt=\"\" width=\"764\" height=\"290\" srcset=\"https:\/\/www.festivalethnos.it\/wp-content\/uploads\/2015\/09\/programma_retro21.jpg 764w, https:\/\/www.festivalethnos.it\/wp-content\/uploads\/2015\/09\/programma_retro21-300x114.jpg 300w, https:\/\/www.festivalethnos.it\/wp-content\/uploads\/2015\/09\/programma_retro21-690x262.jpg 690w, https:\/\/www.festivalethnos.it\/wp-content\/uploads\/2015\/09\/programma_retro21-720x273.jpg 720w\" sizes=\"(max-width: 764px) 100vw, 764px\" \/><\/p>\n<p><strong>GIOVEDI 10 SETTEMBRE<\/strong><br \/>\n<span style=\"color: #ff252c;\">NAPOLI<\/span><br \/>\nTeatro Mercadante, Piazza Municipio<br \/>\nore 21.00\u00a0Serata inaugurale<\/p>\n<p>Presentazione del catalogo e del video &#8220;Ethnos, 20 anni di musica dei popoli&#8221;<br \/>\nConduzione e frammenti teatrali di Pamela Villoresi<br \/>\nConcerto di <strong><a href=\"http:\/\/www.festivalethnos.it\/?page_id=3925&amp;preview=true\">Bollywood Masala Orchestra<\/a><\/strong> (India) * ingresso con invito<\/p>\n<p>* Prenotazione del biglietto\u00adinvito su www.azzurroservice.net<\/p>\n<p>&nbsp;<\/p>\n<p><strong>DOMENICA 13\u00a0SETTEMBRE<\/strong><br \/>\n<span style=\"color: #ff252c;\">ERCOLANO<\/span><br \/>\nParco Nazionale del Vesuvio, Sentiero \u201cLa Valle dell&#8217;Inferno\u201d<br \/>\nore 17:30<br \/>\n\u201cPassaggi vesuviani\u201d.Visita guidata, degustazione di prodotti tipici. Performance musicale di <strong><a href=\"http:\/\/www.festivalethnos.it\/?page_id=3173\">Tupa Ruja<\/a><\/strong><\/p>\n<p>Ingresso gratuito con obbligo di prenotazione. Posti disponibili:\u00a0<strong>Esauriti<\/strong><\/p>\n<p>Iniziativa a cura di Federalberghi Costa del Vesuvio. Info&amp;prenotazioni: Tel. 081 847 11 58 \u00ad- 338 536 88 71<br \/>\ncostadelvesuvio@federalberghi.it sito: www.costadelvesuvio.it<\/p>\n<p>&nbsp;<\/p>\n<p><strong>GIOVEDI 17 SETTEMBRE<\/strong><br \/>\n<span style=\"color: #ff252c;\">BOSCOTRECASE<\/span><br \/>\nCortile Chiesa Dell&#8217;Annunziatella, piazza Annunziatella, 5<br \/>\nore 21:00 Concerto di <strong><a href=\"http:\/\/www.festivalethnos.it\/?page_id=3178\">Acquaragia Drom<\/a><\/strong> (Italia\/Romania)<\/p>\n<p>Ingresso gratuito fino ad esaurimento posti.<\/p>\n<p>&nbsp;<\/p>\n<p><strong>VENERDI 18 SETTEMBRE<\/strong><br \/>\n<span style=\"color: #ff252c;\">ERCOLANO<\/span><br \/>\nIpogeo della Reale Arciconfraternita della S.S. Trinit\u00e0, piazza Pugliano<br \/>\nore 19:00\u00a0\u201cRacconti di religiosit\u00e0\u201d. Visita teatralizzata<\/p>\n<p>Ingresso gratuito con obbligo di prenotazione. Posti disponibili: 40<\/p>\n<p>Iniziativa a cura di Federalberghi Costa del Vesuvio. Info&amp;prenotazioni: Tel. 081 847 11 58 \u00ad 338 536 88 71<br \/>\ncostadelvesuvio@federalberghi.it sito: www.costadelvesuvio.it<\/p>\n<p><span style=\"color: #ff252c;\">SOMMA VESUVIANA<\/span> Cortile di Palazzo Torino, Piazza Vittorio Emanuele III<br \/>\nore 16.30 Stage di danze popolari<br \/>\nore 20:00 Convegno \u201c Le Terre del Rimorso\u201d<br \/>\nore 21:00 Concerto di <strong>Abdenbi El Gadari<\/strong> e <strong>Gnawa Bambara<\/strong> (Marocco)<\/p>\n<p>Ingresso gratuito fino ad esaurimento posti.<\/p>\n<p>&nbsp;<\/p>\n<p><strong>SABATO 19 SETTEMBRE<\/strong><br \/>\n<span style=\"color: #ff252c;\">BOSCOREALE<\/span><br \/>\nAntiquarium nazionale, Via Settetermini 15<br \/>\nore 16:00 \u201cUomo e ambiente nel territorio vesuviano\u201d. Visita guidata<br \/>\nOre 18:00 Performance musicale di <strong><a href=\"http:\/\/www.festivalethnos.it\/?page_id=3197\">Synaulia<\/a><\/strong> (suoni, musiche e danze dell&#8217;antichit\u00e0)<\/p>\n<p>Ingresso gratuito con obbligo di prenotazione. Posti disponibili: 50<br \/>\nPrenotazioni: Pro Loco La Ginestra. Tel. 339 38 49 316<\/p>\n<p><span style=\"color: #ff252c;\">ERCOLANO<\/span><br \/>\nParco sul mare di Villa Favorita,\u00a0Via Gabriele D&#8217;Annunzio<br \/>\nore 19:00\u00a0\u201cCarolinerie Ferdinandee\u201d. Visita teatralizzata<\/p>\n<p>Ingresso gratuito con obbligo di prenotazione. Posti disponibili: 50<\/p>\n<p>Iniziativa a cura di Federalberghi Costa del Vesuvio. Info&amp;prenotazioni: Tel. 081 847 11 58 \u00ad- 338 536 88 71<br \/>\ncostadelvesuvio@federalberghi.it sito: www.costadelvesuvio.it<\/p>\n<p>ore 21:00 Concerto di<a href=\"http:\/\/www.festivalethnos.it\/?page_id=3204\"> <strong>S\u014fnd\u014frg\u014f<\/strong> <\/a>(Ungheria)<\/p>\n<p>Ingresso gratuito fino ad esaurimento posti.<\/p>\n<p>&nbsp;<\/p>\n<p><strong>DOMENICA 20 SETTEMBRE<\/strong><br \/>\n<span style=\"color: #ff252c;\">SAN GIORGIO A CREMANO<\/span><br \/>\nVilla Vannucchi, Via Cavalli di Bronzo<br \/>\nore 18:00 Terrazza di Villa Vannucchi. Stage di danze greche con Dimitris Evaggelou info: 081 882 39 78<br \/>\nore 21:00 Concerto di <strong><a href=\"http:\/\/www.festivalethnos.it\/?page_id=3232\">Ev\u00ec Ev\u00e0n con la partecipazione di Moni Ovadia<\/a><\/strong> (Grecia\/ Italia)<\/p>\n<p>Ingresso gratuito fino ad esaurimento posti.<\/p>\n<p>&nbsp;<\/p>\n<p><strong>MERCOLEDI 23 SETTEMBRE<\/strong><br \/>\n<span style=\"color: #ff252c;\">CASTELLAMMARE DI STABIA<\/span><br \/>\nVia passeggiata archeologica 1<br \/>\nore 17:00 Visita guidata: Scavi di Stabia, Villa San Marco. <strong>Posti Esauriti<\/strong><\/p>\n<p>ore 19:00 Visita guidata: Reggia di Quisisana. Mostra archeologica \u201cDal buio alla luce&#8221;.<br \/>\nIngresso gratuito con obbligo di prenotazione. Posti disponibili per visita: 50<br \/>\nPrenotazioni: Ars Nea\u00ad didattica e cultura. Tel 338 63 00 124 &#8211;\u00a0334 32 68 466<\/p>\n<p>ore 21:00 Reggia di Quisisana. Concerto di <strong><a href=\"http:\/\/www.festivalethnos.it\/?page_id=3236\">Huun Huur Tu<\/a><\/strong> (Tuva)<\/p>\n<p>Ingresso gratuito fino ad esaurimento posti.<\/p>\n<p>&nbsp;<\/p>\n<p><strong>GIOVEDI 24 SETTEMBRE<\/strong><br \/>\n<span style=\"color: #ff252c;\">TORRE DEL GRECO<\/span><br \/>\nVilla delle Ginestre, Via Villa delle Ginestre<br \/>\nore 19:30 Visita guidata alla Villa &#8211; Posti disponibili: <strong>Esauriti<\/strong><\/p>\n<p><span style=\"color: #ff252c;\">ERCOLANO<\/span><br \/>\nTeatro San Luigi Orione (Centro Don Orione)<br \/>\nvia Vesuvio, 15<\/p>\n<p>ore 21:00 Concerto di <strong><a href=\"http:\/\/www.festivalethnos.it\/?page_id=3240\">Teresa De Sio<\/a><\/strong> (Italia)<\/p>\n<p>Ingresso gratuito fino ad esaurimento posti.<\/p>\n<p>&nbsp;<\/p>\n<p><strong>VENERDI 25 SETTEMBRE<\/strong><br \/>\n<span style=\"color: #ff252c;\">SAN GIORGIO A CREMANO<\/span><br \/>\nVilla Vannucchi, Via Cavalli di Bronzo<br \/>\nore 21:00 Concerto di <strong><a href=\"http:\/\/www.festivalethnos.it\/?page_id=3245\">Bassekou Kouyat\u00e9 &amp; Ngoni Ba<\/a><\/strong> (Mali)<\/p>\n<p>Ingresso gratuito fino ad esaurimento posti.<\/p>\n<p><strong>SABATO 26 SETEMBRE<\/strong><br \/>\n<span style=\"color: #ff252c;\">SAN GIORGIO A CREMANO<\/span><br \/>\nVilla Vannucchi, Via Cavalli di Bronzo<br \/>\nore18:00 Convegno \u201c Immigrazione e integrazione\u201d<br \/>\nore 21:00 <strong><a href=\"http:\/\/www.festivalethnos.it\/?page_id=3249\">A Sud secondo movimento<\/a><\/strong> Partitura teatrale della compagnia L&#8217;invasione degli Angeli<br \/>\nA seguire concerto\u00adfesta con le comunit\u00e0 immigrate campane<\/p>\n<p>Ingresso gratuito fino ad esaurimento posti.<\/p>\n<p>&nbsp;<\/p>\n<p><strong>DOMENICA 27 SETTEMBRE<\/strong><br \/>\n<span style=\"color: #ff252c;\">SAN GIORGIO A CREMANO<\/span><br \/>\nVilla Bruno. Via Cavalli di Bronzo, 22<br \/>\nore 10:30 \u201cSettecento Frivolezze\u201d. Visita teatralizzata<\/p>\n<p>Ingresso gratuito con obbligo di prenotazione. Posti disponibili: 50<\/p>\n<p>Iniziativa a cura di Federalberghi Costa del Vesuvio. Info&amp;prenotazioni: Tel. 081 847 11 58 -\u00ad 338 536 88 71<br \/>\ncostadelvesuvio@federalberghi.it sito: www.costadelvesuvio.it<\/p>\n<p><span style=\"color: #ff252c;\">SAN SEBASTIANO AL VESUVIO<\/span><br \/>\nParco Nazionale del Vesuvio, Sentiero n. 8 \u201c Il trenino a Cremagliera\u201d<br \/>\nore 16:30 \u201cFunicul\u00ec funicul\u00e0 \u201c. Visita con guida e performance musicale di <strong><a href=\"http:\/\/www.festivalethnos.it\/?page_id=3253\">Marcello Colasurdo<\/a><\/strong> e paranza.<\/p>\n<p>Ingresso gratuito con obbligo di prenotazione. Posti disponibili: 50<br \/>\nPrenotazione: info@festivalethnos.it<\/p>\n<p>&nbsp;<\/p>\n<p><span style=\"color: #ff252c;\">SAN GIORGIO A CREMANO<\/span><br \/>\nVilla Vannucchi, Via Cavalli di Bronzo<br \/>\nore 21:00<br \/>\nConcerto di <strong><a href=\"http:\/\/www.festivalethnos.it\/?page_id=3259\">Tartit<\/a><\/strong> (Mali)<br \/>\nConcerto di <a href=\"http:\/\/www.festivalethnos.it\/?page_id=3265\"><strong>Bombino<\/strong> <\/a>(Niger)<\/p>\n<p>Ingresso gratuito fino ad esaurimento posti.<\/p>\n<p>&nbsp;<\/p>\n<p>Info &amp; Contatti<br \/>\nFestival Ethnos Tel. 081\/ 882 39 78\u00ad 0815654335<br \/>\n<a href=\"https:\/\/www.facebook.com\/EthnosFestival\" target=\"_blank\" rel=\"noopener\">Facebook<\/a><\/p>\n","protected":false},"excerpt":{"rendered":"<p>GIOVEDI 10 SETTEMBRE NAPOLI Teatro Mercadante, Piazza Municipio ore 21.00\u00a0Serata inaugurale Presentazione del catalogo e del video &#8220;Ethnos, 20 anni di musica dei popoli&#8221; Conduzione e frammenti teatrali di Pamela Villoresi Concerto di Bollywood Masala Orchestra (India) * ingresso con invito * Prenotazione del biglietto\u00adinvito su www.azzurroservice.net &nbsp; DOMENICA 13\u00a0SETTEMBRE ERCOLANO Parco Nazionale del Vesuvio,&hellip;<\/p>\n","protected":false},"author":1,"featured_media":0,"parent":0,"menu_order":0,"comment_status":"closed","ping_status":"closed","template":"","meta":{"footnotes":""},"class_list":["post-3946","page","type-page","status-publish","hentry"],"_links":{"self":[{"href":"https:\/\/www.festivalethnos.it\/index.php?rest_route=\/wp\/v2\/pages\/3946","targetHints":{"allow":["GET"]}}],"collection":[{"href":"https:\/\/www.festivalethnos.it\/index.php?rest_route=\/wp\/v2\/pages"}],"about":[{"href":"https:\/\/www.festivalethnos.it\/index.php?rest_route=\/wp\/v2\/types\/page"}],"author":[{"embeddable":true,"href":"https:\/\/www.festivalethnos.it\/index.php?rest_route=\/wp\/v2\/users\/1"}],"replies":[{"embeddable":true,"href":"https:\/\/www.festivalethnos.it\/index.php?rest_route=%2Fwp%2Fv2%2Fcomments&post=3946"}],"version-history":[{"count":8,"href":"https:\/\/www.festivalethnos.it\/index.php?rest_route=\/wp\/v2\/pages\/3946\/revisions"}],"predecessor-version":[{"id":6591,"href":"https:\/\/www.festivalethnos.it\/index.php?rest_route=\/wp\/v2\/pages\/3946\/revisions\/6591"}],"wp:attachment":[{"href":"https:\/\/www.festivalethnos.it\/index.php?rest_route=%2Fwp%2Fv2%2Fmedia&parent=3946"}],"curies":[{"name":"wp","href":"https:\/\/api.w.org\/{rel}","templated":true}]}}