{"id":4045,"date":"2016-09-04T10:55:09","date_gmt":"2016-09-04T08:55:09","guid":{"rendered":"http:\/\/www.festivalethnos.it\/?page_id=4045"},"modified":"2017-09-27T11:11:11","modified_gmt":"2017-09-27T09:11:11","slug":"stefano-saletti-banda-ikona","status":"publish","type":"page","link":"https:\/\/www.festivalethnos.it\/?page_id=4045","title":{"rendered":"Chassol"},"content":{"rendered":"<p><img fetchpriority=\"high\" decoding=\"async\" class=\"alignNONE wp-image-5071 size-full\" src=\"http:\/\/www.festivalethnos.it\/wp-content\/uploads\/2016\/09\/CHASSOL.jpg\" alt=\"\" width=\"950\" height=\"350\" srcset=\"https:\/\/www.festivalethnos.it\/wp-content\/uploads\/2016\/09\/CHASSOL.jpg 950w, https:\/\/www.festivalethnos.it\/wp-content\/uploads\/2016\/09\/CHASSOL-300x111.jpg 300w, https:\/\/www.festivalethnos.it\/wp-content\/uploads\/2016\/09\/CHASSOL-768x283.jpg 768w, https:\/\/www.festivalethnos.it\/wp-content\/uploads\/2016\/09\/CHASSOL-690x254.jpg 690w, https:\/\/www.festivalethnos.it\/wp-content\/uploads\/2016\/09\/CHASSOL-720x265.jpg 720w\" sizes=\"(max-width: 950px) 100vw, 950px\" \/><\/a><\/p>\n<p><strong>VENERDI 29 SETTEMBRE<\/strong><br \/>\n<span style=\"color: ##10447b;\">SAN GIORGIO A CREMANO &#8211; NA<\/span><br \/>\nVilla Vannucchi, via Roma 47,<br \/>\nore 21.30<br \/>\nIngresso gratuito fino ad esaurimento posti.<\/p>\n<p><strong>Chassol<\/strong> (Francia)<br \/>\nL\u2019artista delle colonne sonore viventi, colui che sa orchestrare la realt\u00e0 che vede intorno a lui, Christophe Chassol \u00e8 stato per anni il miglior segreto nascosto della scena musicale parigina. Con\u00a0Big Sun\u00a0corona la sua trilogia di album \u201cultrascores\u201d, iniziata con\u00a0Nola Cherie\u00a0(2011) e\u00a0Indiamore\u00a0(2013), rispettivamente ispirati alla cultura creola di New Orleans e all\u2019India. Ultrascore \u00e8 un metodo di composizione originale, elaborato dallo stesso Chassol per rappresentare musicalmente l\u2019universo di suoni che la realt\u00e0 ci offre. I suoi live sono un\u2019occasione unica dove poter fruire questo processo creativo: soundtracks, minimalismo, elettronica, musique concr\u00e8te e field recordings sintetizzati in un suggestivo concept audio\/video. In Martinica, nel 2014 filma le scene di vita quotidiana e una moltitudine di incontri straordinari che hanno dato vita ad un documentario evocativo che genera Big Sun, un lavoro di settanta minuti di pura odissea musicale, dove nonostante non ci sia niente di canonico e standardizzato, musicalmente ogni cosa \u00e8 al suo posto, grazie a una tecnica brillante e istintiva, a una ritmica maneggiata con eccezionale fluidit\u00e0 e una complessit\u00e0 che si trasforma in eleganza. Chassol suona con autentica sensibilit\u00e0 e un tocco spontaneo, segmenti di musica che prendono le distanze dai suoni naturali da cui hanno origine.\u00a0I suoni della Martinica nelle sue mani mandano in frantumi i cliches, i codici e i generi musicali collocandolo nell\u2019olimpo della musica di frontiera.<\/p>\n<p><em>Line up:<\/em><\/p>\n<p><strong>Christophe Chassol<\/strong>: piano, synth, composizione<br \/>\n<strong>Matthieu Edouard<\/strong>: batteria<\/p>\n<p>[divider_line]<\/p>\n<p><iframe width=\"560\" height=\"315\" src=\"https:\/\/www.youtube.com\/embed\/i7ADzraL3Uk\" frameborder=\"0\" allowfullscreen><\/iframe><\/p>\n","protected":false},"excerpt":{"rendered":"<p>VENERDI 29 SETTEMBRE SAN GIORGIO A CREMANO &#8211; NA Villa Vannucchi, via Roma 47, ore 21.30 Ingresso gratuito fino ad esaurimento posti. Chassol (Francia) L\u2019artista delle colonne sonore viventi, colui che sa orchestrare la realt\u00e0 che vede intorno a lui, Christophe Chassol \u00e8 stato per anni il miglior segreto nascosto della scena musicale parigina. Con\u00a0Big&hellip;<\/p>\n","protected":false},"author":1,"featured_media":0,"parent":0,"menu_order":0,"comment_status":"closed","ping_status":"closed","template":"","meta":{"footnotes":""},"class_list":["post-4045","page","type-page","status-publish","hentry"],"_links":{"self":[{"href":"https:\/\/www.festivalethnos.it\/index.php?rest_route=\/wp\/v2\/pages\/4045","targetHints":{"allow":["GET"]}}],"collection":[{"href":"https:\/\/www.festivalethnos.it\/index.php?rest_route=\/wp\/v2\/pages"}],"about":[{"href":"https:\/\/www.festivalethnos.it\/index.php?rest_route=\/wp\/v2\/types\/page"}],"author":[{"embeddable":true,"href":"https:\/\/www.festivalethnos.it\/index.php?rest_route=\/wp\/v2\/users\/1"}],"replies":[{"embeddable":true,"href":"https:\/\/www.festivalethnos.it\/index.php?rest_route=%2Fwp%2Fv2%2Fcomments&post=4045"}],"version-history":[{"count":15,"href":"https:\/\/www.festivalethnos.it\/index.php?rest_route=\/wp\/v2\/pages\/4045\/revisions"}],"predecessor-version":[{"id":5498,"href":"https:\/\/www.festivalethnos.it\/index.php?rest_route=\/wp\/v2\/pages\/4045\/revisions\/5498"}],"wp:attachment":[{"href":"https:\/\/www.festivalethnos.it\/index.php?rest_route=%2Fwp%2Fv2%2Fmedia&parent=4045"}],"curies":[{"name":"wp","href":"https:\/\/api.w.org\/{rel}","templated":true}]}}