{"id":6603,"date":"2018-09-24T10:55:54","date_gmt":"2018-09-24T08:55:54","guid":{"rendered":"http:\/\/www.festivalethnos.it\/?page_id=6603"},"modified":"2024-12-07T12:51:11","modified_gmt":"2024-12-07T11:51:11","slug":"ethnos-2012","status":"publish","type":"page","link":"https:\/\/www.festivalethnos.it\/?page_id=6603","title":{"rendered":"Ethnos 2012"},"content":{"rendered":"<h2 style=\"text-align: center;\" align=\"center\"><img fetchpriority=\"high\" decoding=\"async\" class=\"alignnone wp-image-7296\" src=\"http:\/\/www.festivalethnos.it\/wp-content\/uploads\/2020\/01\/Ethnos_web-300x274.gif\" alt=\"\" width=\"386\" height=\"323\" \/><\/h2>\n<h2 style=\"text-align: center;\" align=\"center\"><span style=\"color: #ff6600;\"><strong>Dal 19 al\u00a029 settembre 2012<\/strong><\/span><\/h2>\n<p style=\"text-align: center;\">\u00a0<img decoding=\"async\" class=\"alignnone size-medium wp-image-2955\" title=\"Ethnos_web\" src=\"http:\/\/www.labazzarra.com\/wp-content\/uploads\/Ethnos_web-300x274.gif\" alt=\"\" width=\"300\" height=\"274\" \/><\/p>\n<p>&nbsp;<\/p>\n<h2 style=\"text-align: center;\">\u00a0Programma<\/h2>\n<p style=\"text-align: left;\" align=\"center\"><span style=\"color: #ff6600;\">\u00a0<\/span><\/p>\n<h2 style=\"text-align: left;\" align=\"center\"><strong><span style=\"color: #ff6600;\">19 settembre<\/span>\u00a0\u00a0<\/strong><\/h2>\n<h2 style=\"text-align: left;\" align=\"center\"><strong>Noreum Machi\u00a0<\/strong>\u00a0\u00a0\u00a0\u00a0\u00a0<span style=\"color: #99cc00;\"><em>Corea<\/em><\/span><\/h2>\n<p style=\"text-align: left;\" align=\"center\">\n<p style=\"text-align: left;\" align=\"center\">Spettacolari percussioni, canti sciamanici e danze acrobatiche mozzafiato. Noreum Machi propone un adattamento moderno del Samul nori, un\u2019antica\u00a0 tradizione musicale che unisce danza e percussioni.<\/p>\n<p>Ore. 21.00 &#8211;\u00a0Villa Bruno- San Giorgio a Cremano<\/p>\n<p><em>Ingresso gratuito fino ad esaurimento posti.<\/em><\/p>\n<p><em>Il 18 settembre, alle ore 17.00, presso la Fonderia Righetti di Villa Bruno, l\u2019 ensemble Noreum Machi terr\u00e0 un incontro- workshop di introduzione alla tradizione coreana del Samulnori. Per maggiori informazioni &amp; Prenotazioni: 0818823978 &#8211; <a href=\"mailto:info@labazzarra.com\">info@labazzarra.com<\/a>. La partecipazione al workshop \u00e8 gratuita.<\/em><\/p>\n<p>&nbsp;<\/p>\n<p>&nbsp;<\/p>\n<h2 style=\"text-align: left;\" align=\"center\">\u00a0<strong><span style=\"color: #ff6600;\">20 settembre<\/span> <\/strong><\/h2>\n<h2 style=\"text-align: left;\" align=\"center\"><strong>Morin Khuur Ensemble \u2013 <\/strong><span style=\"color: #99cc00;\"><em>Orchestra nazionale della Mongolia<\/em><\/span><\/h2>\n<p>Morin Khur \u00e8 la pi\u00f9 prestigiosa formazione orchestrale della Mongolia. L\u2019ensemble di ventuno virtuosi \u00a0ritorna in tour in Italia con un concerto suggestivo che trasporter\u00e0\u00a0 il pubblico in un viaggio onirico attraverso la steppa sconfinata, la spiritualit\u00e0 ancestrale e la storia millenaria della Mongolia.<\/p>\n<p>ore 21.00 &#8211;\u00a0Chiesa di S. Giovanni Maggiore a Pignatelli &#8211; Napoli<\/p>\n<p><em>Ingresso gratuito fino ad esaurimento posti<\/em><\/p>\n<p>&nbsp;<\/p>\n<p>&nbsp;<\/p>\n<h2 style=\"text-align: left;\" align=\"center\">\u00a0\u00a0<strong><span style=\"color: #ff6600;\">21 settembre<\/span>\u00a0\u00a0<\/strong><\/h2>\n<h2 style=\"text-align: left;\" align=\"center\"><strong>Joji Hirota\u00a0 &amp; Kyoshindo \u00a0 \u00a0 \u00a0<\/strong><span style=\"color: #99cc00;\"><em>Giappone &#8211; Italia<\/em><\/span><\/h2>\n<p>&nbsp;<\/p>\n<p style=\"text-align: left;\" align=\"center\">Compositore, virtuoso interprete del tamburo rituale taiko e del flauto shakuhachi, oltrech\u00e9 vocalista, questo genio nipponico \u00e8 conosciuto in tutto il mondo per le sue straordinarie interpretazioni. Il Maestro Hirota sar\u00e0 accompagnato da Kyoshindo, gruppo italiano di Taiko che interpreta con passione, gioia ed energia la tradizione dei tamburi giapponesi.<\/p>\n<p>ore\u00a021.00 &#8211;\u00a0Cortile del Maschio angioino &#8211; Napoli<\/p>\n<p><em>Ingresso gratuito fino ad esaurimento posti<\/em><\/p>\n<p>&nbsp;<\/p>\n<p>&nbsp;<\/p>\n<h4 style=\"text-align: left;\" align=\"center\">\u00a0<strong><span style=\"color: #ff6600;\">22 settembre<\/span>\u00a0\u00a0<\/strong><\/h4>\n<h3 style=\"text-align: left;\" align=\"center\"><strong>Baba sissoko &amp; Afro Blues quartet ,<\/strong><strong>\u00a0Officina zo\u00e8\u00a0<\/strong><\/h3>\n<h3 style=\"text-align: left;\" align=\"center\"><strong>\u00a0&#8221; \u00a0Taranta Nera &#8221; \u00a0<span style=\"color: #99cc00;\"><em>Mali &#8211; Puglia<\/em><\/span><\/strong><\/h3>\n<p>&nbsp;<\/p>\n<p>Maestro indiscusso del \u201ctamburo parlante\u201d tamani,Baba Sissoko ha collaborato con artisti del calibro di Youssou N\u2019Dour e Buena Vista Social Club. Originario di una grande dinastia di griots del Mali, integra le melodie ei ritmidel West-Africa con le sonorit\u00e0 occidentali jazz e blues.<\/p>\n<p>Interpreti ed autori delle musiche del film \u201cSangue Vivo\u201d di Edoardo Winspeare, Officina Zo\u00e8 sin dai primi anni \u201990 \u00e8 stata parte attiva \u00a0di quel movimento di riscoperta della pi\u00f9 antica e travolgente forma di ritmo popolare che \u00e8 la Pizzica-Pizzica.<\/p>\n<p>Ore 21.00 &#8211;\u00a0Cortile del Maschio Angioino &#8211; Napoli<\/p>\n<p><em>Ingresso gratuito fino ad esaurimento posti<\/em><\/p>\n<p><em>Ore 19.00 Tavola Rotonda <strong>\u201c Le Terre del Rimorso\u201d<\/strong><\/em> <em>con la partecipazione di<\/em><em> <strong>Baba Sissoko<\/strong>, <strong>Officina Zo\u00e9<\/strong>, Gigi Di Luca ( Direttore Festival Ethnos), Ciro De Rosa ( Giornalista) presso\u00a0 Sala della Loggia &#8211; Maschio Angioino.<\/em><\/p>\n<p>&nbsp;<\/p>\n<p>&nbsp;<\/p>\n<h4 style=\"text-align: left;\" align=\"center\"><strong><span style=\"color: #ff6600;\">27 settembre<\/span>\u00a0\u00a0<\/strong><\/h4>\n<h3 style=\"text-align: left;\" align=\"center\"><strong>Liu Fang \u00a0\u00a0<\/strong><span style=\"color: #99cc00;\"><em>Cina\/ Canada<\/em><\/span><\/h3>\n<p>&nbsp;<\/p>\n<p style=\"text-align: left;\" align=\"center\">\u00a0Una delle pi\u00f9 acclamate interpreti della musica cinese, sia tradizionale che contemporanea, Liu Fang incanta il pubblico con il suono dei suoi strumenti: il &#8220;pipa&#8221;, il\u00a0 liuto cinese a quattro corde, e il &#8220;guzheng&#8221;, la cetra a ventuno corde.<\/p>\n<p>H. 21.00 &#8211;\u00a0Chiostro di San Domenico Maggiore &#8211; Napoli<\/p>\n<address><em>Ingresso gratuito fino ad esaurimento posti<\/em><\/address>\n<address>\u00a0<\/address>\n<address>\u00a0<\/address>\n<h4><strong><span style=\"color: #ff6600;\">28 settembre<\/span>\u00a0\u00a0<\/strong><\/h4>\n<h3><strong>Mohammad Reza Mortazavi\u00a0\u00a0<\/strong><span style=\"color: #99cc00;\"><em>Iran<\/em><\/span><\/h3>\n<p style=\"text-align: left;\" align=\"center\">\u00a0Nato ad Esfahan in Iran, \u00a0ha preso le sue prime lezioni di tombak all&#8217;et\u00e0 di 6 anni. A 10 anni ha vinto in Iran il suo primo premio come percussionista di tombak e a 20 anni era gi\u00e0 il miglior percussionista di tombak nel mondo.<\/p>\n<p>Ore 21.00\u00a0 Chiostro di San Domenico Maggiore &#8211; Napoli<\/p>\n<p><em>Ingresso gratuito fino ad esaurimento posti<\/em><\/p>\n<p>&nbsp;<\/p>\n<h4 style=\"text-align: left;\" align=\"center\"><span style=\"color: #ff6600;\">Domenica 23 e sabato 29<\/span><strong><span style=\"color: #ff6600;\">\u00a0settembre\u00a0\u00a0<\/span><\/strong><\/h4>\n<h6><strong>Visite guidate<\/strong><strong>\u00a0a cura dell\u2019associazione\u00a0<\/strong><strong>NarteA<\/strong><\/h6>\n<p>&nbsp;<\/p>\n<h4><span style=\"color: #ff6600;\">23<\/span> Visita guidata dalla Basilica del Carmine a Sant\u2019Eligio<\/h4>\n<p>Il percorso avr\u00e0 inizio con la visita della Chiesa del Carmine, oggi un esempio unico del Barocco napoletano; si erge in piazza Carmine a Napoli, in quella che un tempo formava un tutt&#8217;uno con la piazza del Mercato, teatro dei pi\u00f9 importanti avvenimenti della storia napoletana. Da qui si proseguir\u00e0 appunto per Piazza Mercato, che nel periodo angioino fu uno snodo fondamentale di traffici commerciali provenienti da tutto il Mediterraneo. L\u2019itinerario si concluder\u00e0 con la visita alla Chiesa di Sant\u2019Eligio, patrono degli Orafi, particolarmente venerato dalla loro comunit\u00e0 per la sua dedizione all\u2019arte del cesellare.<\/p>\n<p>&nbsp;<\/p>\n<h4><span style=\"color: #ff6600;\">29<\/span>\u00a0Visita guidata alla Basilica della Santissima Annunziata Maggiore e al Duomo di Napoli<\/h4>\n<p>Il percorso partir\u00e0 con la visita alla Basilica della Santissima Annunziata Maggiore che in origine (la prima costruzione risale all\u2019epoca angioina) era parte di un vasto complesso monumentale che era costituito, oltre che dalla chiesa, da un ospedale, un convento, un ospizio per i trovatelli ed un &#8220;conservatorio&#8221; per le ragazze povere o prive di famiglia. L\u2019itinerario proseguir\u00e0 poi con la visita al Duomo di Napoli.<\/p>\n<p>&nbsp;<\/p>\n<p><strong>Info &amp; prenotazioni\u00a0esclusivamente per le visite guidate\u00a0:\u00a0<\/strong>\u00a0<a href=\"mailto:info@nartea.com\" target=\"_blank\" rel=\"noopener noreferrer\">info@nartea.com<\/a><\/p>\n<p>tel. 339.7020849 o 334.6227785<\/p>\n<p><strong>Infoline Festival<\/strong><em> : <\/em><a href=\"http:\/\/www.comune.napoli.it\/\">www.comune.napoli.it<\/a> <em>\u00a0<\/em><a href=\"http:\/\/www.incampania.com\/\">www.incampania.com<\/a><\/p>\n<p>081- 8823978\u00a0\u00a0 081-7956160\/62<\/p>\n<p>&nbsp;<\/p>\n<p>&nbsp;<\/p>\n<p><em>\u00a0<\/em><\/p>\n<p style=\"text-align: left;\" align=\"center\"><span style=\"color: #ff6600;\"><strong>\u00a0<\/strong><\/span><\/p>\n","protected":false},"excerpt":{"rendered":"<p>Dal 19 al\u00a029 settembre 2012 \u00a0 &nbsp; \u00a0Programma \u00a0 19 settembre\u00a0\u00a0 Noreum Machi\u00a0\u00a0\u00a0\u00a0\u00a0\u00a0Corea Spettacolari percussioni, canti sciamanici e danze acrobatiche mozzafiato. Noreum Machi propone un adattamento moderno del Samul nori, un\u2019antica\u00a0 tradizione musicale che unisce danza e percussioni. Ore. 21.00 &#8211;\u00a0Villa Bruno- San Giorgio a Cremano Ingresso gratuito fino ad esaurimento posti. Il 18 settembre,&hellip;<\/p>\n","protected":false},"author":1,"featured_media":0,"parent":0,"menu_order":0,"comment_status":"closed","ping_status":"closed","template":"","meta":{"footnotes":""},"class_list":["post-6603","page","type-page","status-publish","hentry"],"_links":{"self":[{"href":"https:\/\/www.festivalethnos.it\/index.php?rest_route=\/wp\/v2\/pages\/6603","targetHints":{"allow":["GET"]}}],"collection":[{"href":"https:\/\/www.festivalethnos.it\/index.php?rest_route=\/wp\/v2\/pages"}],"about":[{"href":"https:\/\/www.festivalethnos.it\/index.php?rest_route=\/wp\/v2\/types\/page"}],"author":[{"embeddable":true,"href":"https:\/\/www.festivalethnos.it\/index.php?rest_route=\/wp\/v2\/users\/1"}],"replies":[{"embeddable":true,"href":"https:\/\/www.festivalethnos.it\/index.php?rest_route=%2Fwp%2Fv2%2Fcomments&post=6603"}],"version-history":[{"count":4,"href":"https:\/\/www.festivalethnos.it\/index.php?rest_route=\/wp\/v2\/pages\/6603\/revisions"}],"predecessor-version":[{"id":11475,"href":"https:\/\/www.festivalethnos.it\/index.php?rest_route=\/wp\/v2\/pages\/6603\/revisions\/11475"}],"wp:attachment":[{"href":"https:\/\/www.festivalethnos.it\/index.php?rest_route=%2Fwp%2Fv2%2Fmedia&parent=6603"}],"curies":[{"name":"wp","href":"https:\/\/api.w.org\/{rel}","templated":true}]}}