{"id":7021,"date":"2019-09-12T01:11:03","date_gmt":"2019-09-11T23:11:03","guid":{"rendered":"http:\/\/www.festivalethnos.it\/?page_id=7021"},"modified":"2019-09-12T01:19:46","modified_gmt":"2019-09-11T23:19:46","slug":"egschiglen-2-2-6-2-10-2","status":"publish","type":"page","link":"https:\/\/www.festivalethnos.it\/?page_id=7021","title":{"rendered":"Itinerari naturalistico e enogastronomici"},"content":{"rendered":"<p><img fetchpriority=\"high\" decoding=\"async\" class=\"alignnone wp-image-7015 size-full\" src=\"http:\/\/www.festivalethnos.it\/wp-content\/uploads\/2019\/09\/itinerario-natura.jpg\" alt=\"\" width=\"950\" height=\"435\" srcset=\"https:\/\/www.festivalethnos.it\/wp-content\/uploads\/2019\/09\/itinerario-natura.jpg 950w, https:\/\/www.festivalethnos.it\/wp-content\/uploads\/2019\/09\/itinerario-natura-300x137.jpg 300w, https:\/\/www.festivalethnos.it\/wp-content\/uploads\/2019\/09\/itinerario-natura-768x352.jpg 768w, https:\/\/www.festivalethnos.it\/wp-content\/uploads\/2019\/09\/itinerario-natura-690x316.jpg 690w, https:\/\/www.festivalethnos.it\/wp-content\/uploads\/2019\/09\/itinerario-natura-720x330.jpg 720w\" sizes=\"(max-width: 950px) 100vw, 950px\" \/><\/p>\n<h2>SABATO 21 SETTEMBRE<br \/>\n<span style=\"color: #10447b;\">SOMMA VESUVIANA (NA)<\/span><\/h2>\n<p><strong>Esterno del Santuario di Santa Maria al Castello, via Santa Maria Grazie a Castello<\/strong>,<br \/>\nore 15.00<\/p>\n<h3>Itinerario naturalistico \u201cAlla ricerca dell\u2019acqua perduta sulla Montagna di fuoco<\/h3>\n<h4>Dal Santuario di Santa Maria al Castello alle Gavete (Monte Somma) con la guida naturalistica Umberto Saetta<\/h4>\n<hr \/>\n<h3>Itinerari di enogastronomia culturale: \u201cLa Terra si racconta\u201d.<\/h3>\n<h4>Incontro con due contadini vesuviani Libera Feola e Franco Mosca; visita alla cantina e degustazione.<\/h4>\n<p>Le Gavete sono una delle probabili tracce certe di un rigoglioso passato fluviale del Vesuvio e del territorio circostante che viene in parte tuttora a giorno, tra le antiche lave del Somma che hanno contribuito a generare il mito del Vesuvio. Si tratta di un\u2019area poco distante dal Santuario di Santa Maria a Castello, a circa 500 metri sul livello del mare. Attraverso un breve sentiero si giunge in una radura dove le maestose stratigrafie di rocce laviche ci ricordano, nonostante la presenza dell\u2019acqua, la furia devastatrice dell\u2019antico vulcano. Le aperture da dove sgorgano le acque sono parzialmente ispezionabili, dando la possibilit\u00e0 al visitatore di osservare, da fuori, il fenomeno della venuta delle acque dalle rocce vulcaniche.<br \/>\nLa passeggiata naturalistica sar\u00e0 preceduta da una breve visita al Museo etnostorico delle genti campane, sito alle spalle del Santuario.<\/p>\n<p>Dopo la passeggiata alle Gavete ci sposteremo (in auto) in una cantina sommese per incontrare due contadini vesuviani, Franco Mosca e Libera Feola, che ci condurranno alla scoperta del mondo contadino contemporaneo e della storia e della cultura di due eccellenze campane: la catalanesca del Vesuvio e la noce di Sorrento. Condivideremo un momento conviviale con una degustazione del vino prodotto da Franco e di alcune specialit\u00e0 a base di noci preparate da Libera.<\/p>\n<p>Modalit\u00e0 di partecipazione: La prenotazione \u00e8 obbligatoria e pu\u00f2 essere effettuata solo tramite mail all\u2019indirizzo <a href=\"mailto:prenotazioniethnos@gmail.com\">prenotazioniethnos@gmail.com<\/a><\/p>\n<p>Per la degustazione \u00e8 prevista una quota associativa di \u20ac 5.<br \/>\nOrario e luogo di ritrovo: ore 15:00 all\u2019esterno del Santuario di Santa Maria al Castello, via Santa Maria Grazie a Castello \u2013 80049 \u2013 Somma Vesuviana ( NA)<br \/>\nParcheggio: di fronte al Santuario e di fronte al ristorante pizzeria La Ginestra<br \/>\nE\u2019 consigliabile un abbigliamento comodo e scarpe sportive o da trekking.<\/p>\n<p>&nbsp;<\/p>\n<p>&nbsp;<\/p>\n<p><img decoding=\"async\" class=\"alignnone size-full wp-image-3579\" src=\"http:\/\/www.festivalethnos.it\/wp-content\/uploads\/2019\/09\/sponsor-footer2.png\" alt=\"sponsor-completo-home\" width=\"966\" height=\"130\" \/><\/p>\n","protected":false},"excerpt":{"rendered":"<p>SABATO 21 SETTEMBRE SOMMA VESUVIANA (NA) Esterno del Santuario di Santa Maria al Castello, via Santa Maria Grazie a Castello, ore 15.00 Itinerario naturalistico \u201cAlla ricerca dell\u2019acqua perduta sulla Montagna di fuoco Dal Santuario di Santa Maria al Castello alle Gavete (Monte Somma) con la guida naturalistica Umberto Saetta Itinerari di enogastronomia culturale: \u201cLa Terra&hellip;<\/p>\n","protected":false},"author":1,"featured_media":0,"parent":0,"menu_order":0,"comment_status":"closed","ping_status":"closed","template":"","meta":{"footnotes":""},"class_list":["post-7021","page","type-page","status-publish","hentry"],"_links":{"self":[{"href":"https:\/\/www.festivalethnos.it\/index.php?rest_route=\/wp\/v2\/pages\/7021","targetHints":{"allow":["GET"]}}],"collection":[{"href":"https:\/\/www.festivalethnos.it\/index.php?rest_route=\/wp\/v2\/pages"}],"about":[{"href":"https:\/\/www.festivalethnos.it\/index.php?rest_route=\/wp\/v2\/types\/page"}],"author":[{"embeddable":true,"href":"https:\/\/www.festivalethnos.it\/index.php?rest_route=\/wp\/v2\/users\/1"}],"replies":[{"embeddable":true,"href":"https:\/\/www.festivalethnos.it\/index.php?rest_route=%2Fwp%2Fv2%2Fcomments&post=7021"}],"version-history":[{"count":11,"href":"https:\/\/www.festivalethnos.it\/index.php?rest_route=\/wp\/v2\/pages\/7021\/revisions"}],"predecessor-version":[{"id":7032,"href":"https:\/\/www.festivalethnos.it\/index.php?rest_route=\/wp\/v2\/pages\/7021\/revisions\/7032"}],"wp:attachment":[{"href":"https:\/\/www.festivalethnos.it\/index.php?rest_route=%2Fwp%2Fv2%2Fmedia&parent=7021"}],"curies":[{"name":"wp","href":"https:\/\/api.w.org\/{rel}","templated":true}]}}