{"id":8687,"date":"2022-09-03T11:59:11","date_gmt":"2022-09-03T09:59:11","guid":{"rendered":"https:\/\/www.festivalethnos.it\/?page_id=8687"},"modified":"2022-09-06T22:42:16","modified_gmt":"2022-09-06T20:42:16","slug":"marala-3-2-3-3","status":"publish","type":"page","link":"https:\/\/www.festivalethnos.it\/?page_id=8687","title":{"rendered":"Cristina Donadio"},"content":{"rendered":"<p>&nbsp;<\/p>\n<p><img fetchpriority=\"high\" decoding=\"async\" class=\"alignnone wp-image-8688 size-full\" src=\"https:\/\/www.festivalethnos.it\/wp-content\/uploads\/2022\/09\/artisti-donadio.jpg\" alt=\"\" width=\"967\" height=\"413\" \/><\/p>\n<h2>VENERDI 16 SETTEMBRE <span style=\"color: #d03742;\">ERCOLANO<\/span><\/h2>\n<p><strong>Parco sul mare di Villa Favorita<\/strong>,<br \/>\nVia Gabriele D&#8217;Annunzio, 36<br \/>\nore 20.30<br \/>\n\u20ac 10 pi\u00f9 d.p.<\/p>\n<h2><span style=\"color: #d03742;\">CRISTINA DONADIO IN &#8220;APPASSIONATA&#8221;<\/span><\/h2>\n<h3>Reading teatrale musicale<\/h3>\n<p><strong>Musiche dal vivo: Mario Crispi, Giovanni Seneca, Francesco Savoretti.<br \/>\nAdattamento e regia Gigi Di Luca<\/strong><\/p>\n<p>Lei, donna, madre, figlia, schiava, terra, acqua. Lei mediterranea.<br \/>\nLei che eternamente sospesa ma in equilibrio, naviga mari tra spartenze dolorose e approdi sconosciuti.<br \/>\nLei che con lo sguardo riempie di parole il silenzio dell\u2019indifferenza, dell\u2019avidit\u00e0 umana.<br \/>\nLei che sa ritrovarsi e rinnovarsi ogni volta per ritornare ad essere terra, granello di sabbia.<br \/>\nLei che in un viaggio perenne \u00e8 musica, \u00e8 canto, \u00e8 ribelle rivoluzionaria, faro che illumina le lunghe notti dell\u2019amore per la vita.<br \/>\nIl concerto &#8211; spettacolo in forma di reading, coprodotto dal Festival Adriatico Mediterraneo, di Ancona, dal Festival Ethnos di Napoli e da Formedonda di Palermo,<br \/>\n\u00e8 un omaggio alla donna del Mediterraneo ai luoghi in cui la sua essenza \u00e8 viva, alla sua eterna bellezza e alla sua grazia resistente ed Appassionata.<br \/>\nUn viaggio tra parole e musiche cha partendo dall\u2019antica Grecia approda fino a Napoli; un racconto di forza, resistenza, desiderio e passione attraverso le parole di Sofocle, Yourcenar, Lorca, Moscato, De Simone, Viviani, Patroni Griffi, Parrella.<br \/>\nUn incontro tra una narrazione poetica , cruda e le suggestioni che gli strumenti etnici dell\u2019ensemble, sanno restituire con elaborazioni ed evocazioni che navigano tra il<br \/>\ned il contemporaneo.<\/p>\n<p>Interpreti:<br \/>\nCristina Donadio: <em>voce narrante<\/em><br \/>\nMario Crispi: <em>fiati etnici<\/em><br \/>\nGiovanni Seneca: <em>chitarra classica e chitarra battente<\/em><br \/>\nFrancesco Savoretti: <em>percussioni<\/em><\/p>\n<p>&nbsp;<\/p>\n<p>&nbsp;<\/p>\n<h3 style=\"color: red;\"><a href=\"https:\/\/www.azzurroservice.net\/biglietti\/appassionata-\/#.YxXqvnZByUk\" target=\"_blank\" rel=\"noopener noreferrer\">Biglietto acquistabile qui<\/a><\/h3>\n<p>&nbsp;<\/p>\n<hr \/>\n<p>&nbsp;<\/p>\n<hr \/>\n<div id='gallery-1' class='gallery galleryid-8687 gallery-columns-3 gallery-size-medium'><figure class='gallery-item'>\n\t\t\t<div class='gallery-icon portrait'>\n\t\t\t\t<a href='https:\/\/www.festivalethnos.it\/?attachment_id=9071'><img decoding=\"async\" width=\"173\" height=\"300\" src=\"https:\/\/www.festivalethnos.it\/wp-content\/uploads\/2022\/09\/cast-173x300.jpg\" class=\"attachment-medium size-medium\" alt=\"\" srcset=\"https:\/\/www.festivalethnos.it\/wp-content\/uploads\/2022\/09\/cast-173x300.jpg 173w, https:\/\/www.festivalethnos.it\/wp-content\/uploads\/2022\/09\/cast-690x1198.jpg 690w, https:\/\/www.festivalethnos.it\/wp-content\/uploads\/2022\/09\/cast-768x1333.jpg 768w, https:\/\/www.festivalethnos.it\/wp-content\/uploads\/2022\/09\/cast-885x1536.jpg 885w, https:\/\/www.festivalethnos.it\/wp-content\/uploads\/2022\/09\/cast-311x540.jpg 311w, https:\/\/www.festivalethnos.it\/wp-content\/uploads\/2022\/09\/cast-67x116.jpg 67w, https:\/\/www.festivalethnos.it\/wp-content\/uploads\/2022\/09\/cast.jpg 1180w\" sizes=\"(max-width: 173px) 100vw, 173px\" \/><\/a>\n\t\t\t<\/div><\/figure>\n\t\t<\/div>\n\n<h4><\/h4>\n<p>&nbsp;<\/p>\n<p>&nbsp;<\/p>\n<p>&nbsp;<\/p>\n<p>[one_third]<\/p>\n<p>&nbsp;<\/p>\n<p>[\/one_third]<\/p>\n<p><img decoding=\"async\" class=\"alignnone wp-image-7627 size-full\" src=\"https:\/\/www.festivalethnos.it\/wp-content\/uploads\/2022\/09\/loghi2022.png\" alt=\"\" width=\"966\" height=\"130\" \/><\/p>\n","protected":false},"excerpt":{"rendered":"<p>&nbsp; VENERDI 16 SETTEMBRE ERCOLANO Parco sul mare di Villa Favorita, Via Gabriele D&#8217;Annunzio, 36 ore 20.30 \u20ac 10 pi\u00f9 d.p. CRISTINA DONADIO IN &#8220;APPASSIONATA&#8221; Reading teatrale musicale Musiche dal vivo: Mario Crispi, Giovanni Seneca, Francesco Savoretti. Adattamento e regia Gigi Di Luca Lei, donna, madre, figlia, schiava, terra, acqua. Lei mediterranea. Lei che eternamente&hellip;<\/p>\n","protected":false},"author":1,"featured_media":0,"parent":0,"menu_order":0,"comment_status":"closed","ping_status":"closed","template":"","meta":{"footnotes":""},"class_list":["post-8687","page","type-page","status-publish","hentry"],"_links":{"self":[{"href":"https:\/\/www.festivalethnos.it\/index.php?rest_route=\/wp\/v2\/pages\/8687","targetHints":{"allow":["GET"]}}],"collection":[{"href":"https:\/\/www.festivalethnos.it\/index.php?rest_route=\/wp\/v2\/pages"}],"about":[{"href":"https:\/\/www.festivalethnos.it\/index.php?rest_route=\/wp\/v2\/types\/page"}],"author":[{"embeddable":true,"href":"https:\/\/www.festivalethnos.it\/index.php?rest_route=\/wp\/v2\/users\/1"}],"replies":[{"embeddable":true,"href":"https:\/\/www.festivalethnos.it\/index.php?rest_route=%2Fwp%2Fv2%2Fcomments&post=8687"}],"version-history":[{"count":11,"href":"https:\/\/www.festivalethnos.it\/index.php?rest_route=\/wp\/v2\/pages\/8687\/revisions"}],"predecessor-version":[{"id":9072,"href":"https:\/\/www.festivalethnos.it\/index.php?rest_route=\/wp\/v2\/pages\/8687\/revisions\/9072"}],"wp:attachment":[{"href":"https:\/\/www.festivalethnos.it\/index.php?rest_route=%2Fwp%2Fv2%2Fmedia&parent=8687"}],"curies":[{"name":"wp","href":"https:\/\/api.w.org\/{rel}","templated":true}]}}