{"id":9321,"date":"2023-09-01T19:19:46","date_gmt":"2023-09-01T17:19:46","guid":{"rendered":"https:\/\/www.festivalethnos.it\/?page_id=9321"},"modified":"2023-09-01T19:34:52","modified_gmt":"2023-09-01T17:34:52","slug":"kayhan-kalhor-kiya-tabassian-e-behnam-samani","status":"publish","type":"page","link":"https:\/\/www.festivalethnos.it\/?page_id=9321","title":{"rendered":"Kayhan Kalhor, Kiya Tabassian e Behnam Samani"},"content":{"rendered":"<p>&nbsp;<\/p>\n<p><img fetchpriority=\"high\" decoding=\"async\" class=\"alignnone wp-image-9328 size-full\" src=\"https:\/\/www.festivalethnos.it\/wp-content\/uploads\/2023\/09\/iran-artisti.jpg\" alt=\"\" width=\"967\" height=\"413\" srcset=\"https:\/\/www.festivalethnos.it\/wp-content\/uploads\/2023\/09\/iran-artisti.jpg 967w, https:\/\/www.festivalethnos.it\/wp-content\/uploads\/2023\/09\/iran-artisti-300x128.jpg 300w, https:\/\/www.festivalethnos.it\/wp-content\/uploads\/2023\/09\/iran-artisti-690x295.jpg 690w, https:\/\/www.festivalethnos.it\/wp-content\/uploads\/2023\/09\/iran-artisti-768x328.jpg 768w, https:\/\/www.festivalethnos.it\/wp-content\/uploads\/2023\/09\/iran-artisti-720x308.jpg 720w, https:\/\/www.festivalethnos.it\/wp-content\/uploads\/2023\/09\/iran-artisti-228x97.jpg 228w\" sizes=\"(max-width: 967px) 100vw, 967px\" \/><\/p>\n<h2>MARTEDI 12 SETTEMBRE <span style=\"color: #d03742;\">NAPOLI<\/span><\/h2>\n<p><strong>Chiesa di Santa Maria Donnalbina<\/strong>,<br \/>\nVico Portapiccola Donnalbina, 6<br \/>\nore 21.00<br \/>\n\u20ac 10<\/p>\n<h2>Concerto di <span style=\"color: #d03742;\">Kayhan Kalhor, Kiya Tabassian e Behnam Samani in \u201cSongs of Hope\u201d<\/span><\/h2>\n<p><em>(Iran)<\/em><\/p>\n<p><span style=\"font-weight: 400;\">Questo concerto \u00e8 un grido di speranza e di libert\u00e0 ispirato a una delle civilt\u00e0 pi\u00f9 affascinanti del mondo, l&#8217;Iran. Un concerto interamente composto da nuove opere per strumenti persiani ed offre una visione luminosa dell&#8217;Iran e invita il pubblico nel cuore di una ricca storia musicale e poetica di diversi millenni. Un inno alla ricchezza e alla bellezza di questa cultura, Songs of Hope presenta musicisti virtuosi, portatori delle sue tradizioni. Il sublime maestro del kamancheh Kayhan Kalhor dialoga con Kiya Tabassian al setar e Behnam Samani al tombak.<\/span><\/p>\n<p>Formazione:<br \/>\nKayhan Kalhor: <em>kamancheh<\/em><br \/>\nKiva Tabassian: <em>setar<\/em><br \/>\nBehnam Samani: <em>tombak<\/em><\/p>\n<p><iframe title=\"YouTube video player\" src=\"https:\/\/www.youtube.com\/embed\/Jt_8yXIfngY?si=7ky2Ec0dr3LdLqlA\" width=\"560\" height=\"315\" frameborder=\"0\" allowfullscreen=\"allowfullscreen\"><\/iframe><\/p>\n<p>&nbsp;<\/p>\n<h3 style=\"color: red;\"><a href=\"https:\/\/www.azzurroservice.net\/biglietti\/songs-of-hope-iran\/\" target=\"_blank\" rel=\"noopener noreferrer\">Biglietto acquistabile qui<\/a><\/h3>\n<p>&nbsp;<\/p>\n<hr \/>\n<p>&nbsp;<\/p>\n<hr \/>\n<div id='gallery-1' class='gallery galleryid-9321 gallery-columns-3 gallery-size-medium'><figure class='gallery-item'>\n\t\t\t<div class='gallery-icon landscape'>\n\t\t\t\t<a href='https:\/\/www.festivalethnos.it\/?attachment_id=9324'><img decoding=\"async\" width=\"300\" height=\"203\" src=\"https:\/\/www.festivalethnos.it\/wp-content\/uploads\/2023\/09\/Songs-of-Hope-trio-\u00a9Constantinople-300x203.jpeg\" class=\"attachment-medium size-medium\" alt=\"\" srcset=\"https:\/\/www.festivalethnos.it\/wp-content\/uploads\/2023\/09\/Songs-of-Hope-trio-\u00a9Constantinople-300x203.jpeg 300w, https:\/\/www.festivalethnos.it\/wp-content\/uploads\/2023\/09\/Songs-of-Hope-trio-\u00a9Constantinople-690x467.jpeg 690w, https:\/\/www.festivalethnos.it\/wp-content\/uploads\/2023\/09\/Songs-of-Hope-trio-\u00a9Constantinople-768x520.jpeg 768w, https:\/\/www.festivalethnos.it\/wp-content\/uploads\/2023\/09\/Songs-of-Hope-trio-\u00a9Constantinople-720x488.jpeg 720w, https:\/\/www.festivalethnos.it\/wp-content\/uploads\/2023\/09\/Songs-of-Hope-trio-\u00a9Constantinople-171x116.jpeg 171w, https:\/\/www.festivalethnos.it\/wp-content\/uploads\/2023\/09\/Songs-of-Hope-trio-\u00a9Constantinople.jpeg 1453w\" sizes=\"(max-width: 300px) 100vw, 300px\" \/><\/a>\n\t\t\t<\/div><\/figure><figure class='gallery-item'>\n\t\t\t<div class='gallery-icon landscape'>\n\t\t\t\t<a href='https:\/\/www.festivalethnos.it\/?attachment_id=9325'><img decoding=\"async\" width=\"300\" height=\"200\" src=\"https:\/\/www.festivalethnos.it\/wp-content\/uploads\/2023\/09\/Behnam-Samani-2\u00a9Constantinople-300x200.jpeg\" class=\"attachment-medium size-medium\" alt=\"\" srcset=\"https:\/\/www.festivalethnos.it\/wp-content\/uploads\/2023\/09\/Behnam-Samani-2\u00a9Constantinople-300x200.jpeg 300w, https:\/\/www.festivalethnos.it\/wp-content\/uploads\/2023\/09\/Behnam-Samani-2\u00a9Constantinople-690x460.jpeg 690w, https:\/\/www.festivalethnos.it\/wp-content\/uploads\/2023\/09\/Behnam-Samani-2\u00a9Constantinople-768x512.jpeg 768w, https:\/\/www.festivalethnos.it\/wp-content\/uploads\/2023\/09\/Behnam-Samani-2\u00a9Constantinople-720x480.jpeg 720w, https:\/\/www.festivalethnos.it\/wp-content\/uploads\/2023\/09\/Behnam-Samani-2\u00a9Constantinople-174x116.jpeg 174w, https:\/\/www.festivalethnos.it\/wp-content\/uploads\/2023\/09\/Behnam-Samani-2\u00a9Constantinople-272x182.jpeg 272w, https:\/\/www.festivalethnos.it\/wp-content\/uploads\/2023\/09\/Behnam-Samani-2\u00a9Constantinople.jpeg 1280w\" sizes=\"(max-width: 300px) 100vw, 300px\" \/><\/a>\n\t\t\t<\/div><\/figure><figure class='gallery-item'>\n\t\t\t<div class='gallery-icon landscape'>\n\t\t\t\t<a href='https:\/\/www.festivalethnos.it\/?attachment_id=9326'><img loading=\"lazy\" decoding=\"async\" width=\"300\" height=\"200\" src=\"https:\/\/www.festivalethnos.it\/wp-content\/uploads\/2023\/09\/Kayhan-Kalhor-et-Kiya-Tabassian_Songs-of-Hope_2\u00a9Constantinople-300x200.jpg\" class=\"attachment-medium size-medium\" alt=\"\" srcset=\"https:\/\/www.festivalethnos.it\/wp-content\/uploads\/2023\/09\/Kayhan-Kalhor-et-Kiya-Tabassian_Songs-of-Hope_2\u00a9Constantinople-300x200.jpg 300w, https:\/\/www.festivalethnos.it\/wp-content\/uploads\/2023\/09\/Kayhan-Kalhor-et-Kiya-Tabassian_Songs-of-Hope_2\u00a9Constantinople-690x460.jpg 690w, https:\/\/www.festivalethnos.it\/wp-content\/uploads\/2023\/09\/Kayhan-Kalhor-et-Kiya-Tabassian_Songs-of-Hope_2\u00a9Constantinople-768x512.jpg 768w, https:\/\/www.festivalethnos.it\/wp-content\/uploads\/2023\/09\/Kayhan-Kalhor-et-Kiya-Tabassian_Songs-of-Hope_2\u00a9Constantinople-1536x1024.jpg 1536w, https:\/\/www.festivalethnos.it\/wp-content\/uploads\/2023\/09\/Kayhan-Kalhor-et-Kiya-Tabassian_Songs-of-Hope_2\u00a9Constantinople-2048x1365.jpg 2048w, https:\/\/www.festivalethnos.it\/wp-content\/uploads\/2023\/09\/Kayhan-Kalhor-et-Kiya-Tabassian_Songs-of-Hope_2\u00a9Constantinople-720x480.jpg 720w, https:\/\/www.festivalethnos.it\/wp-content\/uploads\/2023\/09\/Kayhan-Kalhor-et-Kiya-Tabassian_Songs-of-Hope_2\u00a9Constantinople-174x116.jpg 174w, https:\/\/www.festivalethnos.it\/wp-content\/uploads\/2023\/09\/Kayhan-Kalhor-et-Kiya-Tabassian_Songs-of-Hope_2\u00a9Constantinople-272x182.jpg 272w\" sizes=\"(max-width: 300px) 100vw, 300px\" \/><\/a>\n\t\t\t<\/div><\/figure>\n\t\t<\/div>\n\n<h4><\/h4>\n<p>&nbsp;<\/p>\n<p>&nbsp;<\/p>\n<p>&nbsp;<\/p>\n<p>[one_third]<\/p>\n<p>&nbsp;<\/p>\n<p>[\/one_third]<\/p>\n<p><img loading=\"lazy\" decoding=\"async\" class=\"alignnone wp-image-7627 size-full\" src=\"https:\/\/www.festivalethnos.it\/wp-content\/uploads\/2023\/08\/loghi_footer-2.jpg\" alt=\"\" width=\"966\" height=\"115\" \/><\/p>\n","protected":false},"excerpt":{"rendered":"<p>&nbsp; MARTEDI 12 SETTEMBRE NAPOLI Chiesa di Santa Maria Donnalbina, Vico Portapiccola Donnalbina, 6 ore 21.00 \u20ac 10 Concerto di Kayhan Kalhor, Kiya Tabassian e Behnam Samani in \u201cSongs of Hope\u201d (Iran) Questo concerto \u00e8 un grido di speranza e di libert\u00e0 ispirato a una delle civilt\u00e0 pi\u00f9 affascinanti del mondo, l&#8217;Iran. Un concerto interamente&hellip;<\/p>\n","protected":false},"author":1,"featured_media":0,"parent":0,"menu_order":0,"comment_status":"closed","ping_status":"closed","template":"","meta":{"footnotes":""},"class_list":["post-9321","page","type-page","status-publish","hentry"],"_links":{"self":[{"href":"https:\/\/www.festivalethnos.it\/index.php?rest_route=\/wp\/v2\/pages\/9321","targetHints":{"allow":["GET"]}}],"collection":[{"href":"https:\/\/www.festivalethnos.it\/index.php?rest_route=\/wp\/v2\/pages"}],"about":[{"href":"https:\/\/www.festivalethnos.it\/index.php?rest_route=\/wp\/v2\/types\/page"}],"author":[{"embeddable":true,"href":"https:\/\/www.festivalethnos.it\/index.php?rest_route=\/wp\/v2\/users\/1"}],"replies":[{"embeddable":true,"href":"https:\/\/www.festivalethnos.it\/index.php?rest_route=%2Fwp%2Fv2%2Fcomments&post=9321"}],"version-history":[{"count":4,"href":"https:\/\/www.festivalethnos.it\/index.php?rest_route=\/wp\/v2\/pages\/9321\/revisions"}],"predecessor-version":[{"id":9329,"href":"https:\/\/www.festivalethnos.it\/index.php?rest_route=\/wp\/v2\/pages\/9321\/revisions\/9329"}],"wp:attachment":[{"href":"https:\/\/www.festivalethnos.it\/index.php?rest_route=%2Fwp%2Fv2%2Fmedia&parent=9321"}],"curies":[{"name":"wp","href":"https:\/\/api.w.org\/{rel}","templated":true}]}}